{"id":1736,"date":"2025-12-03T12:35:44","date_gmt":"2025-12-03T12:35:44","guid":{"rendered":"https:\/\/bookbuddy.snapplify.ai\/za\/product\/sepedi-lelemetlaleletso-la-bobedi-lephephe-la-bobedi-grade-12-dibatsela-2024-tlhahlo-ya-go-swaya\/"},"modified":"2025-12-04T15:10:24","modified_gmt":"2025-12-04T15:10:24","slug":"sepedi-lelemetlaleletso-la-bobedi-lephephe-la-bobedi-grade-12-dibatsela-2024-tlhahlo-ya-go-swaya","status":"publish","type":"product","link":"https:\/\/bookbuddy.snapplify.ai\/za\/product\/sepedi-lelemetlaleletso-la-bobedi-lephephe-la-bobedi-grade-12-dibatsela-2024-tlhahlo-ya-go-swaya\/","title":{"rendered":"Sepedi Lelemetlalelet\u0161o La Bobedi Lephephe La Bobedi Grade 12 Dibatsela 2024 Tlhahlo Ya Go Swaya"},"content":{"rendered":"<p>Sepedi Leleme la Tlatsetso la Bobedi Lephepha la Bobedi bakeng sa Dibatsela 2024 Tlhahlo ya go Swaya e fa ditaelo le melawana ya go swaya ka nepo, e akaret\u0161a mehlala ya dikarabo t\u0161e di letet\u0161wego le tekanyet\u0161o ya go netefat\u0161a tekatekano le go nepahala ga go swaya.<\/p>\n","protected":false},"excerpt":{"rendered":"<p>Sepedi Leleme la Tlatsetso la Bobedi Lephepha la Bobedi bakeng sa Dibatsela 2024 Tlhahlo ya go Swaya e fa ditaelo le melawana ya go swaya ka nepo, e akaret\u0161a mehlala ya dikarabo t\u0161e di letet\u0161wego le tekanyet\u0161o ya go netefat\u0161a tekatekano le go nepahala ga go swaya.<\/p>\n","protected":false},"featured_media":0,"template":"","meta":[],"product_brand":[],"product_cat":[21],"product_tag":[],"class_list":{"0":"post-1736","1":"product","2":"type-product","3":"status-publish","5":"product_cat-exam-papers","6":"pa_copyright-rsa-depart-of-education","7":"pa_language-pedi-sepedi-northern-sotho","8":"pa_publisher-rsa-depart-of-education","10":"first","11":"instock","12":"virtual","13":"sold-individually","14":"taxable","15":"purchasable","16":"product-type-simple"},"aioseo_notices":[],"_links":{"self":[{"href":"https:\/\/bookbuddy.snapplify.ai\/za\/wp-json\/wp\/v2\/product\/1736","targetHints":{"allow":["GET"]}}],"collection":[{"href":"https:\/\/bookbuddy.snapplify.ai\/za\/wp-json\/wp\/v2\/product"}],"about":[{"href":"https:\/\/bookbuddy.snapplify.ai\/za\/wp-json\/wp\/v2\/types\/product"}],"wp:attachment":[{"href":"https:\/\/bookbuddy.snapplify.ai\/za\/wp-json\/wp\/v2\/media?parent=1736"}],"wp:term":[{"taxonomy":"product_brand","embeddable":true,"href":"https:\/\/bookbuddy.snapplify.ai\/za\/wp-json\/wp\/v2\/product_brand?post=1736"},{"taxonomy":"product_cat","embeddable":true,"href":"https:\/\/bookbuddy.snapplify.ai\/za\/wp-json\/wp\/v2\/product_cat?post=1736"},{"taxonomy":"product_tag","embeddable":true,"href":"https:\/\/bookbuddy.snapplify.ai\/za\/wp-json\/wp\/v2\/product_tag?post=1736"}],"curies":[{"name":"wp","href":"https:\/\/api.w.org\/{rel}","templated":true}]}}