{"id":1737,"date":"2025-12-03T12:35:45","date_gmt":"2025-12-03T12:35:45","guid":{"rendered":"https:\/\/bookbuddy.snapplify.ai\/za\/product\/sepedi-lelemetlaleletso-la-pele-lephephe-la-pele-grade-12-dibatsela-2024\/"},"modified":"2025-12-04T15:09:40","modified_gmt":"2025-12-04T15:09:40","slug":"sepedi-lelemetlaleletso-la-pele-lephephe-la-pele-grade-12-dibatsela-2024","status":"publish","type":"product","link":"https:\/\/bookbuddy.snapplify.ai\/za\/product\/sepedi-lelemetlaleletso-la-pele-lephephe-la-pele-grade-12-dibatsela-2024\/","title":{"rendered":"Sepedi Lelemetlalelet\u0161o La Pele Lephephe La Pele Grade 12 Dibatsela 2024"},"content":{"rendered":"<p>Sepedi Leleme la Tlatsetso la Pele Lephepha la Pele bakeng sa Dibatsela 2024 le lekola bokgoni bja go kwe\u0161i\u0161a, go hlalosa, le go diri\u0161a leleme ka nepo le bokgoni bja polelo.<\/p>\n","protected":false},"excerpt":{"rendered":"<p>Sepedi Leleme la Tlatsetso la Pele Lephepha la Pele bakeng sa Dibatsela 2024 le lekola bokgoni bja go kwe\u0161i\u0161a, go hlalosa, le go diri\u0161a leleme ka nepo le bokgoni bja polelo.<\/p>\n","protected":false},"featured_media":0,"template":"","meta":[],"product_brand":[],"product_cat":[21],"product_tag":[],"class_list":{"0":"post-1737","1":"product","2":"type-product","3":"status-publish","5":"product_cat-exam-papers","6":"pa_copyright-rsa-depart-of-education","7":"pa_language-pedi-sepedi-northern-sotho","8":"pa_publisher-rsa-depart-of-education","10":"first","11":"instock","12":"virtual","13":"sold-individually","14":"taxable","15":"purchasable","16":"product-type-simple"},"aioseo_notices":[],"_links":{"self":[{"href":"https:\/\/bookbuddy.snapplify.ai\/za\/wp-json\/wp\/v2\/product\/1737","targetHints":{"allow":["GET"]}}],"collection":[{"href":"https:\/\/bookbuddy.snapplify.ai\/za\/wp-json\/wp\/v2\/product"}],"about":[{"href":"https:\/\/bookbuddy.snapplify.ai\/za\/wp-json\/wp\/v2\/types\/product"}],"wp:attachment":[{"href":"https:\/\/bookbuddy.snapplify.ai\/za\/wp-json\/wp\/v2\/media?parent=1737"}],"wp:term":[{"taxonomy":"product_brand","embeddable":true,"href":"https:\/\/bookbuddy.snapplify.ai\/za\/wp-json\/wp\/v2\/product_brand?post=1737"},{"taxonomy":"product_cat","embeddable":true,"href":"https:\/\/bookbuddy.snapplify.ai\/za\/wp-json\/wp\/v2\/product_cat?post=1737"},{"taxonomy":"product_tag","embeddable":true,"href":"https:\/\/bookbuddy.snapplify.ai\/za\/wp-json\/wp\/v2\/product_tag?post=1737"}],"curies":[{"name":"wp","href":"https:\/\/api.w.org\/{rel}","templated":true}]}}