{"id":3936,"date":"2025-12-04T11:30:10","date_gmt":"2025-12-04T11:30:10","guid":{"rendered":"https:\/\/bookbuddy.snapplify.ai\/za\/product\/top-class-agricultural-sciences-grade-12-learner-book-library\/"},"modified":"2026-04-10T01:23:51","modified_gmt":"2026-04-10T01:23:51","slug":"top-class-agricultural-sciences-grade-12-learner-book-library","status":"publish","type":"product","link":"https:\/\/bookbuddy.snapplify.ai\/za\/product\/top-class-agricultural-sciences-grade-12-learner-book-library\/","title":{"rendered":"Top Class Agricultural Sciences Grade 12 Learner Book Library"},"content":{"rendered":"<p>&#8220;Shuters Top Class Agricultural Sciences Grade 12 is part of a dynamic. hands?\u00a1on series that complies with the Curriculum and Assessment Policy Statement for FET. The series is clearly structured and easy to follow. nThis Learner&#8217;s Book: n?\u00c7\u00f3tcovers all the requirements of the CAPS documentn?\u00c7\u00f3thas a simple and user-friendly page designn?\u00c7\u00f3thas content that is both current and relevant to the learnersn?\u00c7\u00f3thas activities that are graded to promote sequential development of conceptsn?\u00c7\u00f3tincludes key concepts and glossary boxes that highlight key content and explain new terms.nAvailable components nShuters Top Class Agricultural Sciences Grade 12 Learner&#8217;s BooknShuters Top Class Agricultural Sciences Grade 12 Teacher&#8217;s Resource Pack&#8221;<\/p>\n","protected":false},"excerpt":{"rendered":"<p>&#8220;Shuters Top Class Agricultural Sciences Grade 12 is part of a dynamic. hands?\u00a1on series that complies with the Curriculum and Assessment Policy Statement for FET. The series is clearly structured and easy to follow. nThis Learner&#8217;s Book: n?\u00c7\u00f3tcovers all the requirements of the CAPS documentn?\u00c7\u00f3thas a simple and user-friendly page designn?\u00c7\u00f3thas content that is both [&hellip;]<\/p>\n","protected":false},"featured_media":0,"template":"","meta":[],"product_brand":[],"product_cat":[107,22,19],"product_tag":[],"class_list":{"0":"post-3936","1":"product","2":"type-product","3":"status-publish","5":"product_cat-agricultural-sciences","6":"product_cat-education-reference","7":"product_cat-school","8":"pa_copyright-shuter-and-shooter-publishers","9":"pa_language-english","10":"pa_publisher-shuter-and-shooter-publishers","12":"first","13":"instock","14":"virtual","15":"sold-individually","16":"taxable","17":"purchasable","18":"product-type-simple"},"aioseo_notices":[],"_links":{"self":[{"href":"https:\/\/bookbuddy.snapplify.ai\/za\/wp-json\/wp\/v2\/product\/3936","targetHints":{"allow":["GET"]}}],"collection":[{"href":"https:\/\/bookbuddy.snapplify.ai\/za\/wp-json\/wp\/v2\/product"}],"about":[{"href":"https:\/\/bookbuddy.snapplify.ai\/za\/wp-json\/wp\/v2\/types\/product"}],"wp:attachment":[{"href":"https:\/\/bookbuddy.snapplify.ai\/za\/wp-json\/wp\/v2\/media?parent=3936"}],"wp:term":[{"taxonomy":"product_brand","embeddable":true,"href":"https:\/\/bookbuddy.snapplify.ai\/za\/wp-json\/wp\/v2\/product_brand?post=3936"},{"taxonomy":"product_cat","embeddable":true,"href":"https:\/\/bookbuddy.snapplify.ai\/za\/wp-json\/wp\/v2\/product_cat?post=3936"},{"taxonomy":"product_tag","embeddable":true,"href":"https:\/\/bookbuddy.snapplify.ai\/za\/wp-json\/wp\/v2\/product_tag?post=3936"}],"curies":[{"name":"wp","href":"https:\/\/api.w.org\/{rel}","templated":true}]}}