{"id":3957,"date":"2025-12-04T11:30:37","date_gmt":"2025-12-04T11:30:37","guid":{"rendered":"https:\/\/bookbuddy.snapplify.ai\/za\/product\/top-klas-toerisme-graad-12-onderwysersgids-lifetime-license\/"},"modified":"2026-04-10T01:23:32","modified_gmt":"2026-04-10T01:23:32","slug":"top-klas-toerisme-graad-12-onderwysersgids-lifetime-license","status":"publish","type":"product","link":"https:\/\/bookbuddy.snapplify.ai\/za\/product\/top-klas-toerisme-graad-12-onderwysersgids-lifetime-license\/","title":{"rendered":"Top Klas Toerisme Graad 12 Onderwysersgids Lifetime License"},"content":{"rendered":"<p>Hierdie boek is deel van die Shuters Top Klas-reeks en het die volgende eienskappe: n\u00d4\u00c7\u00f3 Dek al die vereistes van die KABV-dokument vir elke vak n\u00d4\u00c7\u00f3 Bied stap-vir-stap-leiding aan die onderwyser n\u00d4\u00c7\u00f3 Het &#8216;n eenvoudige. gebruikersvriendelike bladontwerp n\u00d4\u00c7\u00f3 Verskaf &#8216;n Onderwysersgids en bykomende hulpbronne vir die onderwyser in &#8216;n Onderwyserhulpbronpak. nnHierdie Shuters Top Klas Toerisme Onderwysersgids (OG) bied die volgende voordele: nn\u00d4\u00c7\u00f3tDek die vereistes van die KABV-dokument vir die vak in detailn\u00d4\u00c7\u00f3tVerskaf metodologiese leiding aan die onderwyser vir elke eenheid en aktiwiteitn\u00d4\u00c7\u00f3tVerskaf gedetailleerde leiding en antwoorde oor alle aktiwiteite en formele assesseringsn\u00d4\u00c7\u00f3tBevat nuttige kruisverwysings met die Leerdersboekn\u00d4\u00c7\u00f3tHet &#8216;n eenvoudige. gebruikersvriendelike bladontwerp.nnBeskikbare komponente nShuters Top Klas Toerisme Graad 12 Leerdersboek nShuters Top Klas Toerisme Graad 12 Onderwysershulpbronpak n(Ook in Engels beskikbaar)<\/p>\n","protected":false},"excerpt":{"rendered":"<p>Hierdie boek is deel van die Shuters Top Klas-reeks en het die volgende eienskappe: n\u00d4\u00c7\u00f3 Dek al die vereistes van die KABV-dokument vir elke vak n\u00d4\u00c7\u00f3 Bied stap-vir-stap-leiding aan die onderwyser n\u00d4\u00c7\u00f3 Het &#8216;n eenvoudige. gebruikersvriendelike bladontwerp n\u00d4\u00c7\u00f3 Verskaf &#8216;n Onderwysersgids en bykomende hulpbronne vir die onderwyser in &#8216;n Onderwyserhulpbronpak. nnHierdie Shuters Top Klas Toerisme [&hellip;]<\/p>\n","protected":false},"featured_media":0,"template":"","meta":[],"product_brand":[],"product_cat":[22,19,246],"product_tag":[],"class_list":{"0":"post-3957","1":"product","2":"type-product","3":"status-publish","5":"product_cat-education-reference","6":"product_cat-school","7":"product_cat-tourism","8":"pa_copyright-shuter-and-shooter-publishers","9":"pa_language-afrikaans","10":"pa_publisher-shuter-and-shooter-publishers","12":"first","13":"instock","14":"virtual","15":"sold-individually","16":"taxable","17":"purchasable","18":"product-type-simple"},"aioseo_notices":[],"_links":{"self":[{"href":"https:\/\/bookbuddy.snapplify.ai\/za\/wp-json\/wp\/v2\/product\/3957","targetHints":{"allow":["GET"]}}],"collection":[{"href":"https:\/\/bookbuddy.snapplify.ai\/za\/wp-json\/wp\/v2\/product"}],"about":[{"href":"https:\/\/bookbuddy.snapplify.ai\/za\/wp-json\/wp\/v2\/types\/product"}],"wp:attachment":[{"href":"https:\/\/bookbuddy.snapplify.ai\/za\/wp-json\/wp\/v2\/media?parent=3957"}],"wp:term":[{"taxonomy":"product_brand","embeddable":true,"href":"https:\/\/bookbuddy.snapplify.ai\/za\/wp-json\/wp\/v2\/product_brand?post=3957"},{"taxonomy":"product_cat","embeddable":true,"href":"https:\/\/bookbuddy.snapplify.ai\/za\/wp-json\/wp\/v2\/product_cat?post=3957"},{"taxonomy":"product_tag","embeddable":true,"href":"https:\/\/bookbuddy.snapplify.ai\/za\/wp-json\/wp\/v2\/product_tag?post=3957"}],"curies":[{"name":"wp","href":"https:\/\/api.w.org\/{rel}","templated":true}]}}