{"id":4059,"date":"2025-12-04T11:32:43","date_gmt":"2025-12-04T11:32:43","guid":{"rendered":"https:\/\/bookbuddy.snapplify.ai\/za\/product\/top-class-accounting-grade-12-learners-book-library\/"},"modified":"2026-04-10T01:23:47","modified_gmt":"2026-04-10T01:23:47","slug":"top-class-accounting-grade-12-learners-book-library","status":"publish","type":"product","link":"https:\/\/bookbuddy.snapplify.ai\/za\/product\/top-class-accounting-grade-12-learners-book-library\/","title":{"rendered":"Top Class Accounting Grade 12 Learner&#8217;s Book Library"},"content":{"rendered":"<p>&#8220;Shuters Top Class Accounting is part of the branded Top Class series for FET. It offers the following features: n?\u00c7\u00f3tCovers all the requirements of the CAPS document for each subjectn?\u00c7\u00f3tPresents content in simple languagen?\u00c7\u00f3tContent presentation supported by illustrative examples and flow chartsn?\u00c7\u00f3tHas an appealing. simple and user-friendly page design n?\u00c7\u00f3tActivities are graded to promote sequential development of thought processes n?\u00c7\u00f3tProjects. also forming an integral part of assessment. are provided to consolidate the term&#8217;s activities. n?\u00c7\u00f3tAn abundance of revision and extension activities.nnShuters Top Class Accounting Grade 12 Learner&#8217;s Book has the following benefits: n?\u00c7\u00f3tCovers the requirements of the CAPS document for the subject in detailn?\u00c7\u00f3tFacts and concepts are presented in simple. accessible language n?\u00c7\u00f3tCarefully chosen activities to support and consolidate the content n?\u00c7\u00f3tDetailed explanation of new and less familiar terminologies. n?\u00c7\u00f3tFlow charts. simplified accounting &#8220;rules&#8221; and detailed explanations are provided to engage learners in problem solving and &#8220;higher order thinking&#8221;. n?\u00c7\u00f3tExamination practice papers and revision exercises are provided to determine readiness.nnAvailable components nShuters Top Class Accounting Grade 12 Learner&#8217;s Book nShuters Top Class Accounting Grade 12 Teacher&#8217;s Resource Pack nShuters Top Class Accounting Grade 12 Exercise Book n&#8221;<\/p>\n","protected":false},"excerpt":{"rendered":"<p>&#8220;Shuters Top Class Accounting is part of the branded Top Class series for FET. It offers the following features: n?\u00c7\u00f3tCovers all the requirements of the CAPS document for each subjectn?\u00c7\u00f3tPresents content in simple languagen?\u00c7\u00f3tContent presentation supported by illustrative examples and flow chartsn?\u00c7\u00f3tHas an appealing. simple and user-friendly page design n?\u00c7\u00f3tActivities are graded to promote sequential [&hellip;]<\/p>\n","protected":false},"featured_media":0,"template":"","meta":[],"product_brand":[],"product_cat":[109,22,19],"product_tag":[],"class_list":{"0":"post-4059","1":"product","2":"type-product","3":"status-publish","5":"product_cat-accounting","6":"product_cat-education-reference","7":"product_cat-school","8":"pa_copyright-shuter-and-shooter-publishers","9":"pa_language-english","10":"pa_publisher-shuter-and-shooter-publishers","12":"first","13":"instock","14":"virtual","15":"sold-individually","16":"taxable","17":"purchasable","18":"product-type-simple"},"aioseo_notices":[],"_links":{"self":[{"href":"https:\/\/bookbuddy.snapplify.ai\/za\/wp-json\/wp\/v2\/product\/4059","targetHints":{"allow":["GET"]}}],"collection":[{"href":"https:\/\/bookbuddy.snapplify.ai\/za\/wp-json\/wp\/v2\/product"}],"about":[{"href":"https:\/\/bookbuddy.snapplify.ai\/za\/wp-json\/wp\/v2\/types\/product"}],"wp:attachment":[{"href":"https:\/\/bookbuddy.snapplify.ai\/za\/wp-json\/wp\/v2\/media?parent=4059"}],"wp:term":[{"taxonomy":"product_brand","embeddable":true,"href":"https:\/\/bookbuddy.snapplify.ai\/za\/wp-json\/wp\/v2\/product_brand?post=4059"},{"taxonomy":"product_cat","embeddable":true,"href":"https:\/\/bookbuddy.snapplify.ai\/za\/wp-json\/wp\/v2\/product_cat?post=4059"},{"taxonomy":"product_tag","embeddable":true,"href":"https:\/\/bookbuddy.snapplify.ai\/za\/wp-json\/wp\/v2\/product_tag?post=4059"}],"curies":[{"name":"wp","href":"https:\/\/api.w.org\/{rel}","templated":true}]}}