{"id":4061,"date":"2025-12-04T11:32:45","date_gmt":"2025-12-04T11:32:45","guid":{"rendered":"https:\/\/bookbuddy.snapplify.ai\/za\/product\/top-class-accounting-grade-12-teachers-guide-lifetime-license\/"},"modified":"2026-04-10T01:23:46","modified_gmt":"2026-04-10T01:23:46","slug":"top-class-accounting-grade-12-teachers-guide-lifetime-license","status":"publish","type":"product","link":"https:\/\/bookbuddy.snapplify.ai\/za\/product\/top-class-accounting-grade-12-teachers-guide-lifetime-license\/","title":{"rendered":"Top Class Accounting Grade 12 Teacher&#8217;s Guide Lifetime License"},"content":{"rendered":"<p>This book is part of the branded Top Class series for FET. It offers the following features: n\u00d4\u00c7\u00f3tCovers all the requirements of the CAPS document for each subjectn\u00d4\u00c7\u00f3 Offers step by step guidance for the teacher n\u00d4\u00c7\u00f3tHas a simple and user-friendly page design n\u00d4\u00c7\u00f3tProvides a Resource Book and other extra resources for the teacher in a Pack. n\u00d4\u00c7\u00f3tActivities are graded to promote sequential development of thought processes n\u00d4\u00c7\u00f3tProjects. also forming an integral part of assessment. are provided to consolidate the term&#8217;s activities. .n\u00d4\u00c7\u00f3tAn abundance of revision and extension activities. tnnShuters Top Class Accounting Grade 12 Teacher&#8217;s Resource Pack (TRP) has the following benefits:n\u00d4\u00c7\u00f3tThe Pack includes the Teacher&#8217;s Guide (TG) and other extra classroom resources n\u00d4\u00c7\u00f3tThe TG covers the requirements of the CAPS document for the subject in detail n\u00d4\u00c7\u00f3tIt provides methodological guidance to the teacher on every unit and activity n\u00d4\u00c7\u00f3tIt provides answers to all activities and formal assessments n\u00d4\u00c7\u00f3tHas a simple. user-friendly design n\u00d4\u00c7\u00f3tMakes helpful cross references to the Learner&#8217;s Book n\u00d4\u00c7\u00f3tDetailed explanation of new and less familiar terminologies. n\u00d4\u00c7\u00f3tFlow charts. simplified accounting<\/p>\n","protected":false},"excerpt":{"rendered":"<p>This book is part of the branded Top Class series for FET. It offers the following features: n\u00d4\u00c7\u00f3tCovers all the requirements of the CAPS document for each subjectn\u00d4\u00c7\u00f3 Offers step by step guidance for the teacher n\u00d4\u00c7\u00f3tHas a simple and user-friendly page design n\u00d4\u00c7\u00f3tProvides a Resource Book and other extra resources for the teacher in [&hellip;]<\/p>\n","protected":false},"featured_media":0,"template":"","meta":[],"product_brand":[],"product_cat":[109,22,19],"product_tag":[],"class_list":{"0":"post-4061","1":"product","2":"type-product","3":"status-publish","5":"product_cat-accounting","6":"product_cat-education-reference","7":"product_cat-school","8":"pa_copyright-shuter-and-shooter-publishers","9":"pa_language-english","10":"pa_publisher-shuter-and-shooter-publishers","12":"first","13":"instock","14":"virtual","15":"sold-individually","16":"taxable","17":"purchasable","18":"product-type-simple"},"aioseo_notices":[],"_links":{"self":[{"href":"https:\/\/bookbuddy.snapplify.ai\/za\/wp-json\/wp\/v2\/product\/4061","targetHints":{"allow":["GET"]}}],"collection":[{"href":"https:\/\/bookbuddy.snapplify.ai\/za\/wp-json\/wp\/v2\/product"}],"about":[{"href":"https:\/\/bookbuddy.snapplify.ai\/za\/wp-json\/wp\/v2\/types\/product"}],"wp:attachment":[{"href":"https:\/\/bookbuddy.snapplify.ai\/za\/wp-json\/wp\/v2\/media?parent=4061"}],"wp:term":[{"taxonomy":"product_brand","embeddable":true,"href":"https:\/\/bookbuddy.snapplify.ai\/za\/wp-json\/wp\/v2\/product_brand?post=4061"},{"taxonomy":"product_cat","embeddable":true,"href":"https:\/\/bookbuddy.snapplify.ai\/za\/wp-json\/wp\/v2\/product_cat?post=4061"},{"taxonomy":"product_tag","embeddable":true,"href":"https:\/\/bookbuddy.snapplify.ai\/za\/wp-json\/wp\/v2\/product_tag?post=4061"}],"curies":[{"name":"wp","href":"https:\/\/api.w.org\/{rel}","templated":true}]}}