{"id":4065,"date":"2025-12-04T11:32:49","date_gmt":"2025-12-04T11:32:49","guid":{"rendered":"https:\/\/bookbuddy.snapplify.ai\/za\/product\/top-class-geography-grade-12-learners-book-library\/"},"modified":"2026-04-10T01:23:54","modified_gmt":"2026-04-10T01:23:54","slug":"top-class-geography-grade-12-learners-book-library","status":"publish","type":"product","link":"https:\/\/bookbuddy.snapplify.ai\/za\/product\/top-class-geography-grade-12-learners-book-library\/","title":{"rendered":"Top Class Geography Grade 12 Learner&#8217;s Book Library"},"content":{"rendered":"<p>&#8220;Shuters Top Class Geography Grade 12 is an up-to-date. easy-to-follow learning programme that is compatible with the new Curriculum and Assessment Policy Statement of 2011. Written by a team of experienced teachers and Geography specialists. it iseducationallysound and filled with cutting edge content. Geography prepares learners for life. Shuters Top Class Geography equips learners with the knowledge and skills to enable them to become critical thinkers who are able to engage meaningfully with the world. nnnFeatures: n?\u00c7\u00f3tCovers all the requirements of the CAPS document for the Grade.n?\u00c7\u00f3tContent is presented in an easy-to-understand format. using colour maps. photographs and diagrams.n?\u00c7\u00f3tPresents content in simple language. with a glossary of terms and concepts provided at the end of the book.n?\u00c7\u00f3tNew and less familiar words and concepts are explained in glossary boxes on the page.nnShuters Top Class Geography Grade 12 has the following benefits for the learner: nn?\u00c7\u00f3tFlow diagrams and study maps are provided at the beginning and end of each section to facilitate understanding of content. and to be used as study and revision tools.n?\u00c7\u00f3tProvides the learner with a comprehensive understanding of our physical world in a South African and global context.n?\u00c7\u00f3tProvides the learners with training in and application of geographical skills and techniques.n?\u00c7\u00f3tAllows learners the opportunity to prepare for a career in geographical and related fields.nnAvailable components: nShuters Top Class Geography Grade 12 Learner&#8217;s Book nShuters Top Class Geography Grade 12 Teacher&#8217;s Resource Pack&#8221;<\/p>\n","protected":false},"excerpt":{"rendered":"<p>&#8220;Shuters Top Class Geography Grade 12 is an up-to-date. easy-to-follow learning programme that is compatible with the new Curriculum and Assessment Policy Statement of 2011. Written by a team of experienced teachers and Geography specialists. it iseducationallysound and filled with cutting edge content. Geography prepares learners for life. Shuters Top Class Geography equips learners with [&hellip;]<\/p>\n","protected":false},"featured_media":0,"template":"","meta":[],"product_brand":[],"product_cat":[22,104,19],"product_tag":[],"class_list":{"0":"post-4065","1":"product","2":"type-product","3":"status-publish","5":"product_cat-education-reference","6":"product_cat-geography","7":"product_cat-school","8":"pa_copyright-shuter-and-shooter-publishers","9":"pa_language-english","10":"pa_publisher-shuter-and-shooter-publishers","12":"first","13":"instock","14":"virtual","15":"sold-individually","16":"taxable","17":"purchasable","18":"product-type-simple"},"aioseo_notices":[],"_links":{"self":[{"href":"https:\/\/bookbuddy.snapplify.ai\/za\/wp-json\/wp\/v2\/product\/4065","targetHints":{"allow":["GET"]}}],"collection":[{"href":"https:\/\/bookbuddy.snapplify.ai\/za\/wp-json\/wp\/v2\/product"}],"about":[{"href":"https:\/\/bookbuddy.snapplify.ai\/za\/wp-json\/wp\/v2\/types\/product"}],"wp:attachment":[{"href":"https:\/\/bookbuddy.snapplify.ai\/za\/wp-json\/wp\/v2\/media?parent=4065"}],"wp:term":[{"taxonomy":"product_brand","embeddable":true,"href":"https:\/\/bookbuddy.snapplify.ai\/za\/wp-json\/wp\/v2\/product_brand?post=4065"},{"taxonomy":"product_cat","embeddable":true,"href":"https:\/\/bookbuddy.snapplify.ai\/za\/wp-json\/wp\/v2\/product_cat?post=4065"},{"taxonomy":"product_tag","embeddable":true,"href":"https:\/\/bookbuddy.snapplify.ai\/za\/wp-json\/wp\/v2\/product_tag?post=4065"}],"curies":[{"name":"wp","href":"https:\/\/api.w.org\/{rel}","templated":true}]}}