{"id":4070,"date":"2025-12-04T11:32:54","date_gmt":"2025-12-04T11:32:54","guid":{"rendered":"https:\/\/bookbuddy.snapplify.ai\/za\/product\/top-class-creative-arts-grade-9-teachers-guide-lifetime-license\/"},"modified":"2026-04-10T01:30:26","modified_gmt":"2026-04-10T01:30:26","slug":"top-class-creative-arts-grade-9-teachers-guide-lifetime-license","status":"publish","type":"product","link":"https:\/\/bookbuddy.snapplify.ai\/za\/product\/top-class-creative-arts-grade-9-teachers-guide-lifetime-license\/","title":{"rendered":"Top Class Creative Arts Grade 9 Teacher&#8217;s Guide Lifetime License"},"content":{"rendered":"<p>Shuters Top Class Creative Arts for Senior Phase is an up-to-date. easy-to-use and comprehensive series based on the Curriculum and Assessment Policy Statement (CAPS) provided by the Department of Basic Education. This material caters for the following artforms as required in the CAPS document: n\u00d4\u00c7\u00f3tDancen\u00d4\u00c7\u00f3tDraman\u00d4\u00c7\u00f3tMusicn\u00d4\u00c7\u00f3tVisual ArtsnThe Shuters Top Class Creative Arts Teacher&#8217;s Guide for each of the three grades has the following features and benefits: n\u00d4\u00c7\u00f3tA term plan is provided for each term in each artform and graden\u00d4\u00c7\u00f3tA sample lesson plan for each artform and grade is presented for the teacher&#8217;s guidancen\u00d4\u00c7\u00f3tStep-by-step methodological guidance on every unit and activityn\u00d4\u00c7\u00f3tFormal assessment tasks. tests and examinations prescribed for each grade are provided.n\u00d4\u00c7\u00f3tA formal assessment guide is provided on each artform and graden\u00d4\u00c7\u00f3tAnswers and marking tools are given for activities and formal assessmentsn\u00d4\u00c7\u00f3tUseful cross-references made to units and activities in the Learner&#8217;s Bookn\u00d4\u00c7\u00f3tExtra information given to better equip the teacher on different topics.nAvailable components nShuters Top Class Creative Arts Grade 9 Learner&#8217;s Book Shuters Top Class Creative Arts Grade 9 Teacher&#8217;s Guide<\/p>\n","protected":false},"excerpt":{"rendered":"<p>Shuters Top Class Creative Arts for Senior Phase is an up-to-date. easy-to-use and comprehensive series based on the Curriculum and Assessment Policy Statement (CAPS) provided by the Department of Basic Education. This material caters for the following artforms as required in the CAPS document: n\u00d4\u00c7\u00f3tDancen\u00d4\u00c7\u00f3tDraman\u00d4\u00c7\u00f3tMusicn\u00d4\u00c7\u00f3tVisual ArtsnThe Shuters Top Class Creative Arts Teacher&#8217;s Guide for each [&hellip;]<\/p>\n","protected":false},"featured_media":0,"template":"","meta":[],"product_brand":[],"product_cat":[441,22,19],"product_tag":[],"class_list":{"0":"post-4070","1":"product","2":"type-product","3":"status-publish","5":"product_cat-art","6":"product_cat-education-reference","7":"product_cat-school","8":"pa_contributors-lynn-chemaly","9":"pa_copyright-shuter-and-shooter-publishers","10":"pa_language-english","11":"pa_publisher-shuter-and-shooter-publishers","13":"first","14":"instock","15":"virtual","16":"sold-individually","17":"taxable","18":"purchasable","19":"product-type-simple"},"aioseo_notices":[],"_links":{"self":[{"href":"https:\/\/bookbuddy.snapplify.ai\/za\/wp-json\/wp\/v2\/product\/4070","targetHints":{"allow":["GET"]}}],"collection":[{"href":"https:\/\/bookbuddy.snapplify.ai\/za\/wp-json\/wp\/v2\/product"}],"about":[{"href":"https:\/\/bookbuddy.snapplify.ai\/za\/wp-json\/wp\/v2\/types\/product"}],"wp:attachment":[{"href":"https:\/\/bookbuddy.snapplify.ai\/za\/wp-json\/wp\/v2\/media?parent=4070"}],"wp:term":[{"taxonomy":"product_brand","embeddable":true,"href":"https:\/\/bookbuddy.snapplify.ai\/za\/wp-json\/wp\/v2\/product_brand?post=4070"},{"taxonomy":"product_cat","embeddable":true,"href":"https:\/\/bookbuddy.snapplify.ai\/za\/wp-json\/wp\/v2\/product_cat?post=4070"},{"taxonomy":"product_tag","embeddable":true,"href":"https:\/\/bookbuddy.snapplify.ai\/za\/wp-json\/wp\/v2\/product_tag?post=4070"}],"curies":[{"name":"wp","href":"https:\/\/api.w.org\/{rel}","templated":true}]}}