{"id":4081,"date":"2025-12-04T11:33:12","date_gmt":"2025-12-04T11:33:12","guid":{"rendered":"https:\/\/bookbuddy.snapplify.ai\/za\/product\/top-klas-religiestudies-graad-12-onderwysersgids-lifetime-license\/"},"modified":"2026-04-10T01:24:18","modified_gmt":"2026-04-10T01:24:18","slug":"top-klas-religiestudies-graad-12-onderwysersgids-lifetime-license","status":"publish","type":"product","link":"https:\/\/bookbuddy.snapplify.ai\/za\/product\/top-klas-religiestudies-graad-12-onderwysersgids-lifetime-license\/","title":{"rendered":"Top Klas Religiestudies Graad 12 Onderwysersgids Lifetime License"},"content":{"rendered":"<p>Hierdie boek is deel van die Shuters Top Klas-handelsmerkreeks vir die VOO en het die volgende kenmerke: nn\u00d4\u00c7\u00f3 Dek al die vereistes van die KABV-dokument vir elke vak n\u00d4\u00c7\u00f3 Bied stap-vir-stap leiding aan die onderwyser n\u00d4\u00c7\u00f3 nHet &#8216;n eenvoudige en gebruikersvriendelike bladontwerpn\u00d4\u00c7\u00f3 Verskaf&#8217;n Onderwysersgids en ander bykomende hulpbronnennHierdie Shuters Top Klas Religiestudies Graad 12 Onderwysersgids het die volgende voordele:n\u00d4\u00c7\u00f3 Dit bestaan uit &#8216;n omvattende onderrig-. leer-en assesseringsprogram en sluit bykomende klaskamerhulpbronne in n\u00d4\u00c7\u00f3 Dit dek die vereistes van die KABV-dokument vir die vak in besonderheden\u00d4\u00c7\u00f3 Dit bied vir die onderwyser metodologiese leiding vir elke eenheid en aktiwiteit n\u00d4\u00c7\u00f3 Dit bied uitgebreide inleidende en agtergrondinligting. sowel as nuttige verwysingsn\u00d4\u00c7\u00f3 Dit verskaf voorgestelde antwoorde op al die aktiwiteite en formele assesserings. sowel as rubrieken\u00d4\u00c7\u00f3 Dit het &#8216;n eenvoudige. gebruikersvriendelike ontwerp met duidelike gemerkte afdelings en daar is volledige kruisverwysings met die Leerderboekn\u00d4\u00c7\u00f3 Dit bied voorbeeldtoets-en eksamenvraestelle en volledige nasienmemoranda.nnBeskikbare komponentenShuters Top Klas Religiestudies Graad 12 LeerdersboeknnShuters Top Klas Religiestudies Graad 12 Onderwysershulpbronpak<\/p>\n","protected":false},"excerpt":{"rendered":"<p>Hierdie boek is deel van die Shuters Top Klas-handelsmerkreeks vir die VOO en het die volgende kenmerke: nn\u00d4\u00c7\u00f3 Dek al die vereistes van die KABV-dokument vir elke vak n\u00d4\u00c7\u00f3 Bied stap-vir-stap leiding aan die onderwyser n\u00d4\u00c7\u00f3 nHet &#8216;n eenvoudige en gebruikersvriendelike bladontwerpn\u00d4\u00c7\u00f3 Verskaf&#8217;n Onderwysersgids en ander bykomende hulpbronnennHierdie Shuters Top Klas Religiestudies Graad 12 Onderwysersgids [&hellip;]<\/p>\n","protected":false},"featured_media":0,"template":"","meta":[],"product_brand":[],"product_cat":[22,235,19],"product_tag":[],"class_list":{"0":"post-4081","1":"product","2":"type-product","3":"status-publish","5":"product_cat-education-reference","6":"product_cat-religion-studies","7":"product_cat-school","8":"pa_copyright-shuter-and-shooter-publishers","9":"pa_language-afrikaans","10":"pa_publisher-shuter-and-shooter-publishers","12":"first","13":"instock","14":"virtual","15":"sold-individually","16":"taxable","17":"purchasable","18":"product-type-simple"},"aioseo_notices":[],"_links":{"self":[{"href":"https:\/\/bookbuddy.snapplify.ai\/za\/wp-json\/wp\/v2\/product\/4081","targetHints":{"allow":["GET"]}}],"collection":[{"href":"https:\/\/bookbuddy.snapplify.ai\/za\/wp-json\/wp\/v2\/product"}],"about":[{"href":"https:\/\/bookbuddy.snapplify.ai\/za\/wp-json\/wp\/v2\/types\/product"}],"wp:attachment":[{"href":"https:\/\/bookbuddy.snapplify.ai\/za\/wp-json\/wp\/v2\/media?parent=4081"}],"wp:term":[{"taxonomy":"product_brand","embeddable":true,"href":"https:\/\/bookbuddy.snapplify.ai\/za\/wp-json\/wp\/v2\/product_brand?post=4081"},{"taxonomy":"product_cat","embeddable":true,"href":"https:\/\/bookbuddy.snapplify.ai\/za\/wp-json\/wp\/v2\/product_cat?post=4081"},{"taxonomy":"product_tag","embeddable":true,"href":"https:\/\/bookbuddy.snapplify.ai\/za\/wp-json\/wp\/v2\/product_tag?post=4081"}],"curies":[{"name":"wp","href":"https:\/\/api.w.org\/{rel}","templated":true}]}}