{"id":4100,"date":"2025-12-04T11:33:33","date_gmt":"2025-12-04T11:33:33","guid":{"rendered":"https:\/\/bookbuddy.snapplify.ai\/za\/product\/top-class-life-orientation-grade-10-teachers-resource-lifetime-license\/"},"modified":"2026-04-10T01:30:38","modified_gmt":"2026-04-10T01:30:38","slug":"top-class-life-orientation-grade-10-teachers-resource-lifetime-license","status":"publish","type":"product","link":"https:\/\/bookbuddy.snapplify.ai\/za\/product\/top-class-life-orientation-grade-10-teachers-resource-lifetime-license\/","title":{"rendered":"Top Class Life Orientation Grade 10 Teacher&#8217;s Resource Lifetime License"},"content":{"rendered":"<p>This book is part of the branded Shuter&#8217;s Top Class series for FET. It offers: n \u00d4\u00c7\u00f3 all the requirements of the CAPS document for each subject n \u00d4\u00c7\u00f3 step-by-step guidance for the teacher n \u00d4\u00c7\u00f3 a simple and user-friendly page design n \u00d4\u00c7\u00f3 a Resource Book and other extra resources for the teacher in a Pack .nnThis Shute r&#8217;s Top Class Life Orientation Grade 1 O Teacher&#8217;s Resource Pack (TRP) has the following benefits: n \u00d4\u00c7\u00f3 The Pack includes the Teacher&#8217;s Resource Book (TRB) and other extra classroom resources n \u00d4\u00c7\u00f3 The TRB covers the requirements of the CAPS document for the subject in detail n \u00d4\u00c7\u00f3 It provides a set of lessons for the entire year n \u00d4\u00c7\u00f3 It provides methodological guidance to the teacher on every unit and activity n \u00d4\u00c7\u00f3 It provides answers to activities and formal assessments where relevantn \u00d4\u00c7\u00f3 It has a simple. user-friendly designn \u00d4\u00c7\u00f3 It makes helpful cross references to the Learner&#8217;s Bookn \u00d4\u00c7\u00f3 It includes a comprehensive Physical Education Programme.nnAvailable components nShuter&#8217;s Top Class Life Orientation Grade 1 O Learner&#8217;s Book Shuter&#8217;s Top Class Life Orientation Grade 1 O Teacher&#8217;s Resource Pack<\/p>\n","protected":false},"excerpt":{"rendered":"<p>This book is part of the branded Shuter&#8217;s Top Class series for FET. It offers: n \u00d4\u00c7\u00f3 all the requirements of the CAPS document for each subject n \u00d4\u00c7\u00f3 step-by-step guidance for the teacher n \u00d4\u00c7\u00f3 a simple and user-friendly page design n \u00d4\u00c7\u00f3 a Resource Book and other extra resources for the teacher in [&hellip;]<\/p>\n","protected":false},"featured_media":0,"template":"","meta":[],"product_brand":[],"product_cat":[22,19],"product_tag":[],"class_list":{"0":"post-4100","1":"product","2":"type-product","3":"status-publish","5":"product_cat-education-reference","6":"product_cat-school","7":"pa_contributors-sarah-doubell","8":"pa_copyright-shuter-and-shooter-publishers","9":"pa_language-english","10":"pa_publisher-shuter-and-shooter-publishers","12":"first","13":"instock","14":"virtual","15":"sold-individually","16":"taxable","17":"purchasable","18":"product-type-simple"},"aioseo_notices":[],"_links":{"self":[{"href":"https:\/\/bookbuddy.snapplify.ai\/za\/wp-json\/wp\/v2\/product\/4100","targetHints":{"allow":["GET"]}}],"collection":[{"href":"https:\/\/bookbuddy.snapplify.ai\/za\/wp-json\/wp\/v2\/product"}],"about":[{"href":"https:\/\/bookbuddy.snapplify.ai\/za\/wp-json\/wp\/v2\/types\/product"}],"wp:attachment":[{"href":"https:\/\/bookbuddy.snapplify.ai\/za\/wp-json\/wp\/v2\/media?parent=4100"}],"wp:term":[{"taxonomy":"product_brand","embeddable":true,"href":"https:\/\/bookbuddy.snapplify.ai\/za\/wp-json\/wp\/v2\/product_brand?post=4100"},{"taxonomy":"product_cat","embeddable":true,"href":"https:\/\/bookbuddy.snapplify.ai\/za\/wp-json\/wp\/v2\/product_cat?post=4100"},{"taxonomy":"product_tag","embeddable":true,"href":"https:\/\/bookbuddy.snapplify.ai\/za\/wp-json\/wp\/v2\/product_tag?post=4100"}],"curies":[{"name":"wp","href":"https:\/\/api.w.org\/{rel}","templated":true}]}}