{"id":4106,"date":"2025-12-04T11:33:44","date_gmt":"2025-12-04T11:33:44","guid":{"rendered":"https:\/\/bookbuddy.snapplify.ai\/za\/product\/isixhosa-ngumdiliya-grade-9-teachers-guide-lifetime-license\/"},"modified":"2026-04-10T01:25:13","modified_gmt":"2026-04-10T01:25:13","slug":"isixhosa-ngumdiliya-grade-9-teachers-guide-lifetime-license","status":"publish","type":"product","link":"https:\/\/bookbuddy.snapplify.ai\/za\/product\/isixhosa-ngumdiliya-grade-9-teachers-guide-lifetime-license\/","title":{"rendered":"Isixhosa Ngumdiliya Grade 9 Teacher&#8217;s Guide Lifetime License"},"content":{"rendered":"<p>Le ncwadi katitshala iqulathe oku kulandelayo: n\u00d4\u00c7\u00f3tIzifikelele zonke iimfuno zofundo njengoko zicwangcisiwe kwiidotyhumenti ezimalunga nocwangciso lwe-CAPS kwis ifundo ngasinye.n\u00d4\u00c7\u00f3tIxhobisa utitshala kwinqanaba nenqanaba anganyathela kulo ukuze aphumelele kwi injongo zakhe zokufundisa abafundi abaphumelelayo kwiklasi yakhe.n\u00d4\u00c7\u00f3tIziqendu zenziwe ngohlobo olucace gca ukuze kube lula ukuyisebenzisa. kwaye okuthethwa kwiphepha nephepha kulula ukukulandela.n\u00d4\u00c7\u00f3tIyamkhokela ngokukuko utitshala. kwaye inazo nezinye izinto ezithe kratya ezinokuba luncedo kuye.n\u00d4\u00c7\u00f3tIkwancedisana notitshala ngokumnika zonke iimpendulo kwimisetyenzana neemvavanyo ezinikwe abafundi kwincwadi yabo.n\u00d4\u00c7\u00f3tIyalubonakalisa unxibelelwano olwenzekileyo phakathi kwencwadi yomfundi. incwadi yokufunda nencwadi katitshala.nZizonke ezi ncwadi zifumaneka ngolu hlobo: IsiXhosa Ngumdiliya Incwadi Yomfundi lbanga 9 IsiXhosa Ngumdiliya Incwadi Yokufunda lbanga 9 nIsiXhosa Ngumdiliya Incwadi Katitshala lbanga 9n<\/p>\n","protected":false},"excerpt":{"rendered":"<p>Le ncwadi katitshala iqulathe oku kulandelayo: n\u00d4\u00c7\u00f3tIzifikelele zonke iimfuno zofundo njengoko zicwangcisiwe kwiidotyhumenti ezimalunga nocwangciso lwe-CAPS kwis ifundo ngasinye.n\u00d4\u00c7\u00f3tIxhobisa utitshala kwinqanaba nenqanaba anganyathela kulo ukuze aphumelele kwi injongo zakhe zokufundisa abafundi abaphumelelayo kwiklasi yakhe.n\u00d4\u00c7\u00f3tIziqendu zenziwe ngohlobo olucace gca ukuze kube lula ukuyisebenzisa. kwaye okuthethwa kwiphepha nephepha kulula ukukulandela.n\u00d4\u00c7\u00f3tIyamkhokela ngokukuko utitshala. kwaye inazo nezinye izinto ezithe [&hellip;]<\/p>\n","protected":false},"featured_media":0,"template":"","meta":[],"product_brand":[],"product_cat":[22,23,19],"product_tag":[],"class_list":{"0":"post-4106","1":"product","2":"type-product","3":"status-publish","5":"product_cat-education-reference","6":"product_cat-language","7":"product_cat-school","8":"pa_contributors-n-bokoloshe","9":"pa_copyright-shuter-and-shooter-publishers","10":"pa_language-isixhosa","11":"pa_publisher-shuter-and-shooter-publishers","13":"first","14":"instock","15":"virtual","16":"sold-individually","17":"taxable","18":"purchasable","19":"product-type-simple"},"aioseo_notices":[],"_links":{"self":[{"href":"https:\/\/bookbuddy.snapplify.ai\/za\/wp-json\/wp\/v2\/product\/4106","targetHints":{"allow":["GET"]}}],"collection":[{"href":"https:\/\/bookbuddy.snapplify.ai\/za\/wp-json\/wp\/v2\/product"}],"about":[{"href":"https:\/\/bookbuddy.snapplify.ai\/za\/wp-json\/wp\/v2\/types\/product"}],"wp:attachment":[{"href":"https:\/\/bookbuddy.snapplify.ai\/za\/wp-json\/wp\/v2\/media?parent=4106"}],"wp:term":[{"taxonomy":"product_brand","embeddable":true,"href":"https:\/\/bookbuddy.snapplify.ai\/za\/wp-json\/wp\/v2\/product_brand?post=4106"},{"taxonomy":"product_cat","embeddable":true,"href":"https:\/\/bookbuddy.snapplify.ai\/za\/wp-json\/wp\/v2\/product_cat?post=4106"},{"taxonomy":"product_tag","embeddable":true,"href":"https:\/\/bookbuddy.snapplify.ai\/za\/wp-json\/wp\/v2\/product_tag?post=4106"}],"curies":[{"name":"wp","href":"https:\/\/api.w.org\/{rel}","templated":true}]}}