{"id":4139,"date":"2025-12-04T11:34:25","date_gmt":"2025-12-04T11:34:25","guid":{"rendered":"https:\/\/bookbuddy.snapplify.ai\/za\/product\/top-class-technology-grade-9-teachers-guide-lifetime-license\/"},"modified":"2026-04-10T01:25:18","modified_gmt":"2026-04-10T01:25:18","slug":"top-class-technology-grade-9-teachers-guide-lifetime-license","status":"publish","type":"product","link":"https:\/\/bookbuddy.snapplify.ai\/za\/product\/top-class-technology-grade-9-teachers-guide-lifetime-license\/","title":{"rendered":"Top Class Technology Grade 9 Teacher&#8217;s Guide Lifetime License"},"content":{"rendered":"<p>This book is part of the branded Shuters Top Class series for Senior Phase which offers the following features: n\u00d4\u00c7\u00f3tCovers all the requirements of the CAPS document for each subjectn\u00d4\u00c7\u00f3tOffers step-by-step guidance for the teachern\u00d4\u00c7\u00f3tHas a simple. user-friendly page designn\u00d4\u00c7\u00f3tProvides a Teacher&#8217;s Guide and extra resources for the teacher in a packnThis Shuters Top Class Technology Grade 9 Teacher&#8217;s Resource Pack (TRP) offers the following benefits: n\u00d4\u00c7\u00f3tThe TRP includes the Teacher&#8217;s Guide (TG) and other extra classroom resourcesn\u00d4\u00c7\u00f3tThe TG covers the requirements of the CAPS document for the subject in detailn\u00d4\u00c7\u00f3tIt provides methodological guidance to the teacher on every unit and activityn\u00d4\u00c7\u00f3tIt offers a user-friendly year plan to facilitate planningn\u00d4\u00c7\u00f3tIt provides answers to all activities and formal assessmentsn\u00d4\u00c7\u00f3tHas a simple. user-friendly designn\u00d4\u00c7\u00f3tMakes helpful cross-references to the Learner&#8217;s BooknAvailable components nShuters Top Class Technology Grade 9 Learner&#8217;s Book Shuters Top Class Technology Grade 9 Teacher&#8217;s Resource Pack<\/p>\n","protected":false},"excerpt":{"rendered":"<p>This book is part of the branded Shuters Top Class series for Senior Phase which offers the following features: n\u00d4\u00c7\u00f3tCovers all the requirements of the CAPS document for each subjectn\u00d4\u00c7\u00f3tOffers step-by-step guidance for the teachern\u00d4\u00c7\u00f3tHas a simple. user-friendly page designn\u00d4\u00c7\u00f3tProvides a Teacher&#8217;s Guide and extra resources for the teacher in a packnThis Shuters Top Class [&hellip;]<\/p>\n","protected":false},"featured_media":0,"template":"","meta":[],"product_brand":[],"product_cat":[22,19],"product_tag":[],"class_list":{"0":"post-4139","1":"product","2":"type-product","3":"status-publish","5":"product_cat-education-reference","6":"product_cat-school","7":"pa_copyright-shuter-and-shooter-publishers","8":"pa_language-english","9":"pa_publisher-shuter-and-shooter-publishers","11":"first","12":"instock","13":"virtual","14":"sold-individually","15":"taxable","16":"purchasable","17":"product-type-simple"},"aioseo_notices":[],"_links":{"self":[{"href":"https:\/\/bookbuddy.snapplify.ai\/za\/wp-json\/wp\/v2\/product\/4139","targetHints":{"allow":["GET"]}}],"collection":[{"href":"https:\/\/bookbuddy.snapplify.ai\/za\/wp-json\/wp\/v2\/product"}],"about":[{"href":"https:\/\/bookbuddy.snapplify.ai\/za\/wp-json\/wp\/v2\/types\/product"}],"wp:attachment":[{"href":"https:\/\/bookbuddy.snapplify.ai\/za\/wp-json\/wp\/v2\/media?parent=4139"}],"wp:term":[{"taxonomy":"product_brand","embeddable":true,"href":"https:\/\/bookbuddy.snapplify.ai\/za\/wp-json\/wp\/v2\/product_brand?post=4139"},{"taxonomy":"product_cat","embeddable":true,"href":"https:\/\/bookbuddy.snapplify.ai\/za\/wp-json\/wp\/v2\/product_cat?post=4139"},{"taxonomy":"product_tag","embeddable":true,"href":"https:\/\/bookbuddy.snapplify.ai\/za\/wp-json\/wp\/v2\/product_tag?post=4139"}],"curies":[{"name":"wp","href":"https:\/\/api.w.org\/{rel}","templated":true}]}}