{"id":4163,"date":"2025-12-04T11:34:57","date_gmt":"2025-12-04T11:34:57","guid":{"rendered":"https:\/\/bookbuddy.snapplify.ai\/za\/product\/top-klas-skeppende-kunste-graad-9-onderwysersgids-lifetime-license\/"},"modified":"2026-04-10T01:31:15","modified_gmt":"2026-04-10T01:31:15","slug":"top-klas-skeppende-kunste-graad-9-onderwysersgids-lifetime-license","status":"publish","type":"product","link":"https:\/\/bookbuddy.snapplify.ai\/za\/product\/top-klas-skeppende-kunste-graad-9-onderwysersgids-lifetime-license\/","title":{"rendered":"Top Klas Skeppende Kunste Graad 9 Onderwysersgids Lifetime License"},"content":{"rendered":"<p>Shuters Top Klas Skeppende Kunste vir die Senior Fase is &#8216;n moderne.nmaklik bruikbare en omvattende reeks wat gebaseer is op die Kurrikulum- ennAssesseringsbeleidsverklaring (KABV) wat deur die Departement van BasiesenOnderwys verskaf word. Hierdie materiaal maak voorsiening vir die volgendenkunsvorms soos in die KABV-dokument vereis word:n\u00d4\u00c7\u00f3 Dansn\u00d4\u00c7\u00f3 Draman\u00d4\u00c7\u00f3 Musiekn\u00d4\u00c7\u00f3 Visuele KunstenDie Shuters Top Klas Skeppende Kunste Onderwysersgids vir elkeen vanndie drie grade het die volgende kenmerke en voordele:n\u00d4\u00c7\u00f3 &#8216;n Kwartaalplan word in elke kunsvorm en graad vir elke kwartaal verskafn\u00d4\u00c7\u00f3 &#8216;n Voorbeeld van &#8216;n lesplan vir elke kunsvorm en graad word vir dienonderwyser se leiding verskafn\u00d4\u00c7\u00f3 Stap-vir-stap metodologiese leiding oor elke eenheid en aktiwiteitn\u00d4\u00c7\u00f3 Formele assesseringstake. toetse en eksamens wat vir elke graadnvoorgeskryf word. word verskafn\u00d4\u00c7\u00f3 &#8216;n Formele assesseringsgids word in elke kunsvorm en graad verskafn\u00d4\u00c7\u00f3 Antwoorde en nasieninstrumente word vir aktiwiteite en formelenassessenngs gegeen\u00d4\u00c7\u00f3 Nuttige kruisverwysings na eenhede en aktiwiteite in die Leerdersboeknword gemaakn\u00d4\u00c7\u00f3 Bykomende inligting word gegee om die onderwyser beter toe te rus oornverskillende onderwerpe.nBeskikbare komponentenShuters Top Klas Skeppende Kunste Graad 9 LeerdersboeknShuters Top Klas Skeppende Kunste Graad 9 Onderwysersgidsn(Ook beskikbaar in Engels)<\/p>\n","protected":false},"excerpt":{"rendered":"<p>Shuters Top Klas Skeppende Kunste vir die Senior Fase is &#8216;n moderne.nmaklik bruikbare en omvattende reeks wat gebaseer is op die Kurrikulum- ennAssesseringsbeleidsverklaring (KABV) wat deur die Departement van BasiesenOnderwys verskaf word. Hierdie materiaal maak voorsiening vir die volgendenkunsvorms soos in die KABV-dokument vereis word:n\u00d4\u00c7\u00f3 Dansn\u00d4\u00c7\u00f3 Draman\u00d4\u00c7\u00f3 Musiekn\u00d4\u00c7\u00f3 Visuele KunstenDie Shuters Top Klas Skeppende Kunste [&hellip;]<\/p>\n","protected":false},"featured_media":0,"template":"","meta":[],"product_brand":[],"product_cat":[22,19],"product_tag":[],"class_list":{"0":"post-4163","1":"product","2":"type-product","3":"status-publish","5":"product_cat-education-reference","6":"product_cat-school","7":"pa_contributors-helen-white","8":"pa_copyright-shuter-and-shooter-publishers","9":"pa_language-afrikaans","10":"pa_publisher-shuter-and-shooter-publishers","12":"first","13":"instock","14":"virtual","15":"sold-individually","16":"taxable","17":"purchasable","18":"product-type-simple"},"aioseo_notices":[],"_links":{"self":[{"href":"https:\/\/bookbuddy.snapplify.ai\/za\/wp-json\/wp\/v2\/product\/4163","targetHints":{"allow":["GET"]}}],"collection":[{"href":"https:\/\/bookbuddy.snapplify.ai\/za\/wp-json\/wp\/v2\/product"}],"about":[{"href":"https:\/\/bookbuddy.snapplify.ai\/za\/wp-json\/wp\/v2\/types\/product"}],"wp:attachment":[{"href":"https:\/\/bookbuddy.snapplify.ai\/za\/wp-json\/wp\/v2\/media?parent=4163"}],"wp:term":[{"taxonomy":"product_brand","embeddable":true,"href":"https:\/\/bookbuddy.snapplify.ai\/za\/wp-json\/wp\/v2\/product_brand?post=4163"},{"taxonomy":"product_cat","embeddable":true,"href":"https:\/\/bookbuddy.snapplify.ai\/za\/wp-json\/wp\/v2\/product_cat?post=4163"},{"taxonomy":"product_tag","embeddable":true,"href":"https:\/\/bookbuddy.snapplify.ai\/za\/wp-json\/wp\/v2\/product_tag?post=4163"}],"curies":[{"name":"wp","href":"https:\/\/api.w.org\/{rel}","templated":true}]}}