{"id":4174,"date":"2025-12-04T11:35:15","date_gmt":"2025-12-04T11:35:15","guid":{"rendered":"https:\/\/bookbuddy.snapplify.ai\/za\/product\/top-klas-toerisme-graad-11-onderwysersgids-lifetime-license\/"},"modified":"2026-04-10T01:31:17","modified_gmt":"2026-04-10T01:31:17","slug":"top-klas-toerisme-graad-11-onderwysersgids-lifetime-license","status":"publish","type":"product","link":"https:\/\/bookbuddy.snapplify.ai\/za\/product\/top-klas-toerisme-graad-11-onderwysersgids-lifetime-license\/","title":{"rendered":"Top Klas Toerisme Graad 11 Onderwysersgids Lifetime License"},"content":{"rendered":"<p>Hierdie boek is deel van die Shuters Top Klas-reeks en het die volgende eienskappe: nn\u00d4\u00c7\u00f3tDek al die vereistes van die KABV-dokument vir elke vakn\u00d4\u00c7\u00f3tBied stap-vir-stap-leiding aan die onderwysern\u00d4\u00c7\u00f3tHet &#8216;n eenvoudige. gebruikersvriendelike bladontwerpn\u00d4\u00c7\u00f3tVerskaf &#8216;n Onderwysersgids en bykomende hulpbronne vir die onderwyser in &#8216;n Onderwyserhulpbronpak.nnHierdie Shuters Top Klas Toerisme Onderwysersgids (OG) bied die volgende voordele: nn\u00d4\u00c7\u00f3 Dek die vereistes van die KABV-dokument vir die vak in detailn\u00d4\u00c7\u00f3 Verskaf metodologiese leiding aan die onderwyser vir elke eenheid en aktiwiteit n\u00d4\u00c7\u00f3 Verskaf gedetailleerde leiding en antwoorde oor alle aktiwiteite en formele assesserings n\u00d4\u00c7\u00f3 Bevat nuttige kruisverwysings met die Leerdersboekn\u00d4\u00c7\u00f3 Het &#8216;n eenvoudige. gebruikersvriendelike bladontwerp .nnBeskikbare komponente nShuters Top Klas Toerisme Graad 11 Leerdersboek nShuters Top Klas Toerisme Graad 11 Onderwysershulpbronpak<\/p>\n","protected":false},"excerpt":{"rendered":"<p>Hierdie boek is deel van die Shuters Top Klas-reeks en het die volgende eienskappe: nn\u00d4\u00c7\u00f3tDek al die vereistes van die KABV-dokument vir elke vakn\u00d4\u00c7\u00f3tBied stap-vir-stap-leiding aan die onderwysern\u00d4\u00c7\u00f3tHet &#8216;n eenvoudige. gebruikersvriendelike bladontwerpn\u00d4\u00c7\u00f3tVerskaf &#8216;n Onderwysersgids en bykomende hulpbronne vir die onderwyser in &#8216;n Onderwyserhulpbronpak.nnHierdie Shuters Top Klas Toerisme Onderwysersgids (OG) bied die volgende voordele: nn\u00d4\u00c7\u00f3 Dek [&hellip;]<\/p>\n","protected":false},"featured_media":0,"template":"","meta":[],"product_brand":[],"product_cat":[22,19],"product_tag":[],"class_list":{"0":"post-4174","1":"product","2":"type-product","3":"status-publish","5":"product_cat-education-reference","6":"product_cat-school","7":"pa_copyright-shuter-and-shooter-publishers","8":"pa_language-afrikaans","9":"pa_publisher-shuter-and-shooter-publishers","11":"first","12":"instock","13":"virtual","14":"sold-individually","15":"taxable","16":"purchasable","17":"product-type-simple"},"aioseo_notices":[],"_links":{"self":[{"href":"https:\/\/bookbuddy.snapplify.ai\/za\/wp-json\/wp\/v2\/product\/4174","targetHints":{"allow":["GET"]}}],"collection":[{"href":"https:\/\/bookbuddy.snapplify.ai\/za\/wp-json\/wp\/v2\/product"}],"about":[{"href":"https:\/\/bookbuddy.snapplify.ai\/za\/wp-json\/wp\/v2\/types\/product"}],"wp:attachment":[{"href":"https:\/\/bookbuddy.snapplify.ai\/za\/wp-json\/wp\/v2\/media?parent=4174"}],"wp:term":[{"taxonomy":"product_brand","embeddable":true,"href":"https:\/\/bookbuddy.snapplify.ai\/za\/wp-json\/wp\/v2\/product_brand?post=4174"},{"taxonomy":"product_cat","embeddable":true,"href":"https:\/\/bookbuddy.snapplify.ai\/za\/wp-json\/wp\/v2\/product_cat?post=4174"},{"taxonomy":"product_tag","embeddable":true,"href":"https:\/\/bookbuddy.snapplify.ai\/za\/wp-json\/wp\/v2\/product_tag?post=4174"}],"curies":[{"name":"wp","href":"https:\/\/api.w.org\/{rel}","templated":true}]}}