{"id":4198,"date":"2025-12-04T11:35:48","date_gmt":"2025-12-04T11:35:48","guid":{"rendered":"https:\/\/bookbuddy.snapplify.ai\/za\/product\/top-class-agricultural-sciences-grade-11-teachers-guide-lifetime-license\/"},"modified":"2026-04-10T01:24:00","modified_gmt":"2026-04-10T01:24:00","slug":"top-class-agricultural-sciences-grade-11-teachers-guide-lifetime-license","status":"publish","type":"product","link":"https:\/\/bookbuddy.snapplify.ai\/za\/product\/top-class-agricultural-sciences-grade-11-teachers-guide-lifetime-license\/","title":{"rendered":"Top Class Agricultural Sciences Grade 11 Teacher&#8217;s Guide Lifetime License"},"content":{"rendered":"<p>Top Class Agricultural Sciences Grade 11 is part of a dynamic. hands-on series that complies with the Curriculum Assessment Policy Statement for FET. The series is clearly structured and easy to follow. nnThis Teacher&#8217;s Resource Pack (TRP) has the following benefits: n\u00d4\u00c7\u00f3tThe Pack includes the Teachers Guide (TG) and other extra classroom resources.n\u00d4\u00c7\u00f3tThe TG covers the requirements of the CAPS document for the subject in detail.n\u00d4\u00c7\u00f3tIt provides methodological guidance to the teacher on every unit and activity.n\u00d4\u00c7\u00f3tIt provides answers to all activities and formal assessments.n\u00d4\u00c7\u00f3tHas a simple. user-friendly design.n\u00d4\u00c7\u00f3tMakes helpful cross-references to the Learner&#8217;s Book.n\u00d4\u00c7\u00f3tDetailed explanation of new and less familiar terminologies.n\u00d4\u00c7\u00f3tExamination practice papers and revision exercises are provided to determine readiness.nnThe Learner&#8217;s Book: n\u00d4\u00c7\u00f3tcovers all the requirements of the CAPS documentn\u00d4\u00c7\u00f3thas a simple and user-friendly page designn\u00d4\u00c7\u00f3thas content that is both current and relevant to the learnersn\u00d4\u00c7\u00f3thas activities that are graded to promote sequential development of conceptsn\u00d4\u00c7\u00f3tincludes key concepts and glossary boxes that highlight key content and explain new terms.nnAvailable components nTop Class Agricultural Sciences Grade 11 Learner&#8217;s BooknTop Class Agricultural Sciences Grade 11 Teacher&#8217;s Resource Pack<\/p>\n","protected":false},"excerpt":{"rendered":"<p>Top Class Agricultural Sciences Grade 11 is part of a dynamic. hands-on series that complies with the Curriculum Assessment Policy Statement for FET. The series is clearly structured and easy to follow. nnThis Teacher&#8217;s Resource Pack (TRP) has the following benefits: n\u00d4\u00c7\u00f3tThe Pack includes the Teachers Guide (TG) and other extra classroom resources.n\u00d4\u00c7\u00f3tThe TG covers [&hellip;]<\/p>\n","protected":false},"featured_media":0,"template":"","meta":[],"product_brand":[],"product_cat":[107,22,19],"product_tag":[],"class_list":{"0":"post-4198","1":"product","2":"type-product","3":"status-publish","5":"product_cat-agricultural-sciences","6":"product_cat-education-reference","7":"product_cat-school","8":"pa_copyright-shuter-and-shooter-publishers","9":"pa_language-english","10":"pa_publisher-shuter-and-shooter-publishers","12":"first","13":"instock","14":"virtual","15":"sold-individually","16":"taxable","17":"purchasable","18":"product-type-simple"},"aioseo_notices":[],"_links":{"self":[{"href":"https:\/\/bookbuddy.snapplify.ai\/za\/wp-json\/wp\/v2\/product\/4198","targetHints":{"allow":["GET"]}}],"collection":[{"href":"https:\/\/bookbuddy.snapplify.ai\/za\/wp-json\/wp\/v2\/product"}],"about":[{"href":"https:\/\/bookbuddy.snapplify.ai\/za\/wp-json\/wp\/v2\/types\/product"}],"wp:attachment":[{"href":"https:\/\/bookbuddy.snapplify.ai\/za\/wp-json\/wp\/v2\/media?parent=4198"}],"wp:term":[{"taxonomy":"product_brand","embeddable":true,"href":"https:\/\/bookbuddy.snapplify.ai\/za\/wp-json\/wp\/v2\/product_brand?post=4198"},{"taxonomy":"product_cat","embeddable":true,"href":"https:\/\/bookbuddy.snapplify.ai\/za\/wp-json\/wp\/v2\/product_cat?post=4198"},{"taxonomy":"product_tag","embeddable":true,"href":"https:\/\/bookbuddy.snapplify.ai\/za\/wp-json\/wp\/v2\/product_tag?post=4198"}],"curies":[{"name":"wp","href":"https:\/\/api.w.org\/{rel}","templated":true}]}}