{"id":4202,"date":"2025-12-04T11:35:52","date_gmt":"2025-12-04T11:35:52","guid":{"rendered":"https:\/\/bookbuddy.snapplify.ai\/za\/product\/siswati-setfu-grade-9-teachers-guide-lifetime-license\/"},"modified":"2026-04-10T01:30:22","modified_gmt":"2026-04-10T01:30:22","slug":"siswati-setfu-grade-9-teachers-guide-lifetime-license","status":"publish","type":"product","link":"https:\/\/bookbuddy.snapplify.ai\/za\/product\/siswati-setfu-grade-9-teachers-guide-lifetime-license\/","title":{"rendered":"Siswati Setfu Grade 9 Teacher&#8217;s Guide Lifetime License"},"content":{"rendered":"<p>Siswati Setfu luhlelo lwetincwadzi teSiswati lolubhalwe lwahambisana nendlela lensha yeSitatimende Senchubomgomo Yavelonkhe Yekharikhulamu Nekuhlola. Loluhlelo luyatfolakala kusukela eSigabeni Sabokhewane. Sigaba Lesisemkhatsini neSigaba Lesiphakeme. Loluhlelo luhlanganise emasu lehlukene ekufundza kanye newekufundzisa lulwimi ngekulandzela ninchubomgomo. Lugcamisa tingcikitsi letisematseni kanye netemasiko. Tehluko netifundvo tihlelwenngekwemathemu nangekwemaviki. nLoluhlelo lutfutfukisa emakhono ebafundzi ekukhuluma. kulalela. kufundza nekwehlwaya. kubhala nekwetfula. Lubuye lukhutsate kuhlolwa kwebafundzi lokuhlelekile nalokungakahleleki. Kukhona netitfombe letigcugcutela tibuye titfutfukise kufundza ngekubona. Lokucuketfwe nguloluhlelo kufaka ekhatsi: n\u00d4\u00c7\u00f3tlncwadzi Yemfundzin\u00d4\u00c7\u00f3tlncwadzi Yathishela . lncwadzi Yekufundza<\/p>\n","protected":false},"excerpt":{"rendered":"<p>Siswati Setfu luhlelo lwetincwadzi teSiswati lolubhalwe lwahambisana nendlela lensha yeSitatimende Senchubomgomo Yavelonkhe Yekharikhulamu Nekuhlola. Loluhlelo luyatfolakala kusukela eSigabeni Sabokhewane. Sigaba Lesisemkhatsini neSigaba Lesiphakeme. Loluhlelo luhlanganise emasu lehlukene ekufundza kanye newekufundzisa lulwimi ngekulandzela ninchubomgomo. Lugcamisa tingcikitsi letisematseni kanye netemasiko. Tehluko netifundvo tihlelwenngekwemathemu nangekwemaviki. nLoluhlelo lutfutfukisa emakhono ebafundzi ekukhuluma. kulalela. kufundza nekwehlwaya. kubhala nekwetfula. Lubuye lukhutsate kuhlolwa [&hellip;]<\/p>\n","protected":false},"featured_media":0,"template":"","meta":[],"product_brand":[],"product_cat":[22,23,19],"product_tag":[],"class_list":{"0":"post-4202","1":"product","2":"type-product","3":"status-publish","5":"product_cat-education-reference","6":"product_cat-language","7":"product_cat-school","8":"pa_contributors-k-p-nkosi","9":"pa_copyright-shuter-and-shooter-publishers","10":"pa_language-siswati","11":"pa_publisher-shuter-and-shooter-publishers","13":"first","14":"instock","15":"virtual","16":"sold-individually","17":"taxable","18":"purchasable","19":"product-type-simple"},"aioseo_notices":[],"_links":{"self":[{"href":"https:\/\/bookbuddy.snapplify.ai\/za\/wp-json\/wp\/v2\/product\/4202","targetHints":{"allow":["GET"]}}],"collection":[{"href":"https:\/\/bookbuddy.snapplify.ai\/za\/wp-json\/wp\/v2\/product"}],"about":[{"href":"https:\/\/bookbuddy.snapplify.ai\/za\/wp-json\/wp\/v2\/types\/product"}],"wp:attachment":[{"href":"https:\/\/bookbuddy.snapplify.ai\/za\/wp-json\/wp\/v2\/media?parent=4202"}],"wp:term":[{"taxonomy":"product_brand","embeddable":true,"href":"https:\/\/bookbuddy.snapplify.ai\/za\/wp-json\/wp\/v2\/product_brand?post=4202"},{"taxonomy":"product_cat","embeddable":true,"href":"https:\/\/bookbuddy.snapplify.ai\/za\/wp-json\/wp\/v2\/product_cat?post=4202"},{"taxonomy":"product_tag","embeddable":true,"href":"https:\/\/bookbuddy.snapplify.ai\/za\/wp-json\/wp\/v2\/product_tag?post=4202"}],"curies":[{"name":"wp","href":"https:\/\/api.w.org\/{rel}","templated":true}]}}