{"id":4215,"date":"2025-12-04T11:36:09","date_gmt":"2025-12-04T11:36:09","guid":{"rendered":"https:\/\/bookbuddy.snapplify.ai\/za\/product\/top-class-english-fal-grade-10-teachers-resource-lifetime-license\/"},"modified":"2026-04-10T01:23:50","modified_gmt":"2026-04-10T01:23:50","slug":"top-class-english-fal-grade-10-teachers-resource-lifetime-license","status":"publish","type":"product","link":"https:\/\/bookbuddy.snapplify.ai\/za\/product\/top-class-english-fal-grade-10-teachers-resource-lifetime-license\/","title":{"rendered":"Top Class English Fal Grade 10 Teacher&#8217;s Resource Lifetime License"},"content":{"rendered":"<p>This book is part of the branded Top Class series for FET which offersnthe fol lowing features:n\u00d4\u00c7\u00f3 Covers all the requirements of the CAPS document forneach subjectn\u00d4\u00c7\u00f3 Offers step by step guidance for the teachern\u00d4\u00c7\u00f3 Has a simple and user-friendly page designnnThis Top Class English First Additional Language Grade 10 Teacher&#8217;snResource Book has the following benefits:n\u00d4\u00c7\u00f3 It covers the requirements of the CAPS document for the subjectnin detailn\u00d4\u00c7\u00f3 It provides methodological guidance to the teacher on every unitnand activityn\u00d4\u00c7\u00f3 It provides answers to all activities and formal assessmentsn\u00d4\u00c7\u00f3 Has a simple. user-friendly designn\u00d4\u00c7\u00f3 Makes helpful cross references to the Learner&#8217;s BooknnAvailable componentsnTop Class English First Additional Language Grade 10nTeacher&#8217;s Resource BooknTop Class English First Additional Language Grade 10nLearner&#8217;s Book<\/p>\n","protected":false},"excerpt":{"rendered":"<p>This book is part of the branded Top Class series for FET which offersnthe fol lowing features:n\u00d4\u00c7\u00f3 Covers all the requirements of the CAPS document forneach subjectn\u00d4\u00c7\u00f3 Offers step by step guidance for the teachern\u00d4\u00c7\u00f3 Has a simple and user-friendly page designnnThis Top Class English First Additional Language Grade 10 Teacher&#8217;snResource Book has the following [&hellip;]<\/p>\n","protected":false},"featured_media":0,"template":"","meta":[],"product_brand":[],"product_cat":[22,19],"product_tag":[],"class_list":{"0":"post-4215","1":"product","2":"type-product","3":"status-publish","5":"product_cat-education-reference","6":"product_cat-school","7":"pa_contributors-a-mcloughlin","8":"pa_copyright-shuter-and-shooter-publishers","9":"pa_language-english","10":"pa_publisher-shuter-and-shooter-publishers","12":"first","13":"instock","14":"virtual","15":"sold-individually","16":"taxable","17":"purchasable","18":"product-type-simple"},"aioseo_notices":[],"_links":{"self":[{"href":"https:\/\/bookbuddy.snapplify.ai\/za\/wp-json\/wp\/v2\/product\/4215","targetHints":{"allow":["GET"]}}],"collection":[{"href":"https:\/\/bookbuddy.snapplify.ai\/za\/wp-json\/wp\/v2\/product"}],"about":[{"href":"https:\/\/bookbuddy.snapplify.ai\/za\/wp-json\/wp\/v2\/types\/product"}],"wp:attachment":[{"href":"https:\/\/bookbuddy.snapplify.ai\/za\/wp-json\/wp\/v2\/media?parent=4215"}],"wp:term":[{"taxonomy":"product_brand","embeddable":true,"href":"https:\/\/bookbuddy.snapplify.ai\/za\/wp-json\/wp\/v2\/product_brand?post=4215"},{"taxonomy":"product_cat","embeddable":true,"href":"https:\/\/bookbuddy.snapplify.ai\/za\/wp-json\/wp\/v2\/product_cat?post=4215"},{"taxonomy":"product_tag","embeddable":true,"href":"https:\/\/bookbuddy.snapplify.ai\/za\/wp-json\/wp\/v2\/product_tag?post=4215"}],"curies":[{"name":"wp","href":"https:\/\/api.w.org\/{rel}","templated":true}]}}