{"id":4234,"date":"2025-12-04T11:36:34","date_gmt":"2025-12-04T11:36:34","guid":{"rendered":"https:\/\/bookbuddy.snapplify.ai\/za\/product\/top-class-geography-grade-10-teachers-guide-lifetime-license\/"},"modified":"2026-04-10T01:30:36","modified_gmt":"2026-04-10T01:30:36","slug":"top-class-geography-grade-10-teachers-guide-lifetime-license","status":"publish","type":"product","link":"https:\/\/bookbuddy.snapplify.ai\/za\/product\/top-class-geography-grade-10-teachers-guide-lifetime-license\/","title":{"rendered":"Top Class Geography Grade 10 Teacher&#8217;s Guide Lifetime License"},"content":{"rendered":"<p>Shuters Top Class Geography is part of the branded Top Class series for FET.nShuter&#8217;s Top Class Geography Grade 1 O is an up-to-date. easy-to-follownlearning programme that is compatible with the new Curriculum andnAssessment Policy Statement of 2011 . Written by a team of experiencednteachers and Geography specialists. it is educationally sound and fillednwith cutting edge content. Geography prepares learners for life. Top ClassnGeography equips learners with the knowledge and skills to enable them tonbecome critical thinkers who are able to engage meaningfully with the world.nnThis Shuter &#8216;s Top Class Geography Grade 1 O Teacher&#8217;s Resource Pack (TRP)nhas the fol lowing benefits:n\u00d4\u00c7\u00f3 The Pack includes the Teacher&#8217;s Resource Book (TRB) and other extranclassroom resources.n\u00d4\u00c7\u00f3 The TRB covers the requirements of the CAPS document for the subject inndetail.n\u00d4\u00c7\u00f3 It provides methodological guidance to the teacher on every unit andnact ivity.n\u00d4\u00c7\u00f3 It provides answers to all activit ies and formal assessments.n\u00d4\u00c7\u00f3 It has a simple. user-friendly design.n\u00d4\u00c7\u00f3 It makes helpful cross references to the Learner&#8217;s Book.n\u00d4\u00c7\u00f3 There are detailed explanations of new and less familiar terminologies.n\u00d4\u00c7\u00f3 There are extra worksheets and ideas for practical activities.nnAvailable componentsnShuter&#8217;s Top Class Geography Grade 1 O Learner&#8217;s BooknShuter&#8217;s Top Class Geography Grade 10 Teacher&#8217;s Resource Pack<\/p>\n","protected":false},"excerpt":{"rendered":"<p>Shuters Top Class Geography is part of the branded Top Class series for FET.nShuter&#8217;s Top Class Geography Grade 1 O is an up-to-date. easy-to-follownlearning programme that is compatible with the new Curriculum andnAssessment Policy Statement of 2011 . Written by a team of experiencednteachers and Geography specialists. it is educationally sound and fillednwith cutting edge [&hellip;]<\/p>\n","protected":false},"featured_media":0,"template":"","meta":[],"product_brand":[],"product_cat":[22,19],"product_tag":[],"class_list":{"0":"post-4234","1":"product","2":"type-product","3":"status-publish","5":"product_cat-education-reference","6":"product_cat-school","7":"pa_contributors-p-arjun","8":"pa_copyright-shuter-and-shooter-publishers","9":"pa_language-english","10":"pa_publisher-shuter-and-shooter-publishers","12":"first","13":"instock","14":"virtual","15":"sold-individually","16":"taxable","17":"purchasable","18":"product-type-simple"},"aioseo_notices":[],"_links":{"self":[{"href":"https:\/\/bookbuddy.snapplify.ai\/za\/wp-json\/wp\/v2\/product\/4234","targetHints":{"allow":["GET"]}}],"collection":[{"href":"https:\/\/bookbuddy.snapplify.ai\/za\/wp-json\/wp\/v2\/product"}],"about":[{"href":"https:\/\/bookbuddy.snapplify.ai\/za\/wp-json\/wp\/v2\/types\/product"}],"wp:attachment":[{"href":"https:\/\/bookbuddy.snapplify.ai\/za\/wp-json\/wp\/v2\/media?parent=4234"}],"wp:term":[{"taxonomy":"product_brand","embeddable":true,"href":"https:\/\/bookbuddy.snapplify.ai\/za\/wp-json\/wp\/v2\/product_brand?post=4234"},{"taxonomy":"product_cat","embeddable":true,"href":"https:\/\/bookbuddy.snapplify.ai\/za\/wp-json\/wp\/v2\/product_cat?post=4234"},{"taxonomy":"product_tag","embeddable":true,"href":"https:\/\/bookbuddy.snapplify.ai\/za\/wp-json\/wp\/v2\/product_tag?post=4234"}],"curies":[{"name":"wp","href":"https:\/\/api.w.org\/{rel}","templated":true}]}}