{"id":4238,"date":"2025-12-04T11:36:38","date_gmt":"2025-12-04T11:36:38","guid":{"rendered":"https:\/\/bookbuddy.snapplify.ai\/za\/product\/top-class-life-orientation-grade-7-teachers-guide-lifetime-license\/"},"modified":"2026-04-10T01:30:39","modified_gmt":"2026-04-10T01:30:39","slug":"top-class-life-orientation-grade-7-teachers-guide-lifetime-license","status":"publish","type":"product","link":"https:\/\/bookbuddy.snapplify.ai\/za\/product\/top-class-life-orientation-grade-7-teachers-guide-lifetime-license\/","title":{"rendered":"Top Class Life Orientation Grade 7 Teacher&#8217;s Guide Lifetime License"},"content":{"rendered":"<p>This book is part of the branded Shuters Top Class series for FET. It offers: nn\u00d4\u00c7\u00f3tall the requirements of the CAPS document for each subjectn\u00d4\u00c7\u00f3tstep-by-step guidance for the teachern\u00d4\u00c7\u00f3ta simple and user-friendly page designn\u00d4\u00c7\u00f3ta Teacher&#8217;s Guide and other extra resources for the teacher in a Pack.nnThis Shuters Top Class Life Orientation Grade 7 Teacher&#8217;s Resource Pack (TRP) has the following benefits: nn\u00d4\u00c7\u00f3tThe Pack includes the Teacher&#8217;s Guide and other extra classroom resources.n\u00d4\u00c7\u00f3tThe Teacher&#8217;s Guide covers the requirements of the CAPS document for the subject in detail.n\u00d4\u00c7\u00f3tIt provides a set of lessons for the entire year.n\u00d4\u00c7\u00f3tIt provides methodological guidance to the teacher on every unit and activity.n\u00d4\u00c7\u00f3tIt provides answers to activities and formal assessments where relevant.n\u00d4\u00c7\u00f3tIt has a simple. user-friendly design. n\u00d4\u00c7\u00f3tIt makes helpful cross references to the Learner&#8217;s Book.n\u00d4\u00c7\u00f3tIt includes a comprehensive Physical Education Programme. nnAvailable components nShuters Top Class Life Orientation Grade 7 Learner&#8217;s Book nShuters Top Class Life Orientation Grade 7 Teacher&#8217;s Resource Pack<\/p>\n","protected":false},"excerpt":{"rendered":"<p>This book is part of the branded Shuters Top Class series for FET. It offers: nn\u00d4\u00c7\u00f3tall the requirements of the CAPS document for each subjectn\u00d4\u00c7\u00f3tstep-by-step guidance for the teachern\u00d4\u00c7\u00f3ta simple and user-friendly page designn\u00d4\u00c7\u00f3ta Teacher&#8217;s Guide and other extra resources for the teacher in a Pack.nnThis Shuters Top Class Life Orientation Grade 7 Teacher&#8217;s Resource [&hellip;]<\/p>\n","protected":false},"featured_media":0,"template":"","meta":[],"product_brand":[],"product_cat":[22,19],"product_tag":[],"class_list":{"0":"post-4238","1":"product","2":"type-product","3":"status-publish","5":"product_cat-education-reference","6":"product_cat-school","7":"pa_contributors-c-haddon","8":"pa_copyright-shuter-and-shooter-publishers","9":"pa_language-english","10":"pa_publisher-shuter-and-shooter-publishers","12":"first","13":"instock","14":"virtual","15":"sold-individually","16":"taxable","17":"purchasable","18":"product-type-simple"},"aioseo_notices":[],"_links":{"self":[{"href":"https:\/\/bookbuddy.snapplify.ai\/za\/wp-json\/wp\/v2\/product\/4238","targetHints":{"allow":["GET"]}}],"collection":[{"href":"https:\/\/bookbuddy.snapplify.ai\/za\/wp-json\/wp\/v2\/product"}],"about":[{"href":"https:\/\/bookbuddy.snapplify.ai\/za\/wp-json\/wp\/v2\/types\/product"}],"wp:attachment":[{"href":"https:\/\/bookbuddy.snapplify.ai\/za\/wp-json\/wp\/v2\/media?parent=4238"}],"wp:term":[{"taxonomy":"product_brand","embeddable":true,"href":"https:\/\/bookbuddy.snapplify.ai\/za\/wp-json\/wp\/v2\/product_brand?post=4238"},{"taxonomy":"product_cat","embeddable":true,"href":"https:\/\/bookbuddy.snapplify.ai\/za\/wp-json\/wp\/v2\/product_cat?post=4238"},{"taxonomy":"product_tag","embeddable":true,"href":"https:\/\/bookbuddy.snapplify.ai\/za\/wp-json\/wp\/v2\/product_tag?post=4238"}],"curies":[{"name":"wp","href":"https:\/\/api.w.org\/{rel}","templated":true}]}}