{"id":4254,"date":"2025-12-04T11:37:03","date_gmt":"2025-12-04T11:37:03","guid":{"rendered":"https:\/\/bookbuddy.snapplify.ai\/za\/product\/top-class-life-sciences-grade-10-teachers-resource-lifetime-license\/"},"modified":"2026-04-10T01:24:34","modified_gmt":"2026-04-10T01:24:34","slug":"top-class-life-sciences-grade-10-teachers-resource-lifetime-license","status":"publish","type":"product","link":"https:\/\/bookbuddy.snapplify.ai\/za\/product\/top-class-life-sciences-grade-10-teachers-resource-lifetime-license\/","title":{"rendered":"Top Class Life Sciences Grade 10 Teacher&#8217;s Resource Lifetime License"},"content":{"rendered":"<p>This book is part of the branded Shuter&#8217;s Top Class series for FET which offers the following features: n\u00d4\u00c7\u00f3tCovers all the requirements of the CAPS document for each subjectn\u00d4\u00c7\u00f3tOffers step by step guidance for the teachern\u00d4\u00c7\u00f3tHas a simple and user-friendly page designn\u00d4\u00c7\u00f3tProvides a Resource Book and other extra resources for the teacher in a Pack.nnShuter&#8217;s Top Class Life Sciences Grade 10 Teacher&#8217;s Resource Pack (TRP) has the following benefits: n\u00d4\u00c7\u00f3tThe Pack includes the Teacher Resource Book (TRB) and other extra classroom resourcesn\u00d4\u00c7\u00f3tThe TRB covers the requirements of the CAPS document for the subject in detailn\u00d4\u00c7\u00f3tIt provides methodological guidance to the teacher on every unit and activityn\u00d4\u00c7\u00f3tIt provides answers to all activities and formal assessmentsn\u00d4\u00c7\u00f3tHas a simple. user-friendly designn\u00d4\u00c7\u00f3tMakes helpful cross references to the Learner&#8217;s BooknnAvailable components nShuter&#8217;s Top Class Life Sciences Grade 10 Learner&#8217;s Book nShuter&#8217;s Top Class Life Sciences Grade 10 Teacher&#8217;s Resource Pack (The Teacher&#8217;s Resource Pack includes a CO. charts and photocopiable worksheets)<\/p>\n","protected":false},"excerpt":{"rendered":"<p>This book is part of the branded Shuter&#8217;s Top Class series for FET which offers the following features: n\u00d4\u00c7\u00f3tCovers all the requirements of the CAPS document for each subjectn\u00d4\u00c7\u00f3tOffers step by step guidance for the teachern\u00d4\u00c7\u00f3tHas a simple and user-friendly page designn\u00d4\u00c7\u00f3tProvides a Resource Book and other extra resources for the teacher in a Pack.nnShuter&#8217;s [&hellip;]<\/p>\n","protected":false},"featured_media":0,"template":"","meta":[],"product_brand":[],"product_cat":[22,19],"product_tag":[],"class_list":{"0":"post-4254","1":"product","2":"type-product","3":"status-publish","5":"product_cat-education-reference","6":"product_cat-school","7":"pa_contributors-a-metherell","8":"pa_copyright-shuter-and-shooter-publishers","9":"pa_language-english","10":"pa_publisher-shuter-and-shooter-publishers","12":"first","13":"instock","14":"virtual","15":"sold-individually","16":"taxable","17":"purchasable","18":"product-type-simple"},"aioseo_notices":[],"_links":{"self":[{"href":"https:\/\/bookbuddy.snapplify.ai\/za\/wp-json\/wp\/v2\/product\/4254","targetHints":{"allow":["GET"]}}],"collection":[{"href":"https:\/\/bookbuddy.snapplify.ai\/za\/wp-json\/wp\/v2\/product"}],"about":[{"href":"https:\/\/bookbuddy.snapplify.ai\/za\/wp-json\/wp\/v2\/types\/product"}],"wp:attachment":[{"href":"https:\/\/bookbuddy.snapplify.ai\/za\/wp-json\/wp\/v2\/media?parent=4254"}],"wp:term":[{"taxonomy":"product_brand","embeddable":true,"href":"https:\/\/bookbuddy.snapplify.ai\/za\/wp-json\/wp\/v2\/product_brand?post=4254"},{"taxonomy":"product_cat","embeddable":true,"href":"https:\/\/bookbuddy.snapplify.ai\/za\/wp-json\/wp\/v2\/product_cat?post=4254"},{"taxonomy":"product_tag","embeddable":true,"href":"https:\/\/bookbuddy.snapplify.ai\/za\/wp-json\/wp\/v2\/product_tag?post=4254"}],"curies":[{"name":"wp","href":"https:\/\/api.w.org\/{rel}","templated":true}]}}