{"id":4259,"date":"2025-12-04T11:37:09","date_gmt":"2025-12-04T11:37:09","guid":{"rendered":"https:\/\/bookbuddy.snapplify.ai\/za\/product\/top-class-natural-sciences-grade-7-teachers-guide-lifetime-license\/"},"modified":"2026-04-10T01:30:44","modified_gmt":"2026-04-10T01:30:44","slug":"top-class-natural-sciences-grade-7-teachers-guide-lifetime-license","status":"publish","type":"product","link":"https:\/\/bookbuddy.snapplify.ai\/za\/product\/top-class-natural-sciences-grade-7-teachers-guide-lifetime-license\/","title":{"rendered":"Top Class Natural Sciences Grade 7 Teacher&#8217;s Guide Lifetime License"},"content":{"rendered":"<p>This book is part of the branded Shuters Top Class series which has the following features: nn\u00d4\u00c7\u00f3tCovers all the requirements of the CAPS document for each subjectn\u00d4\u00c7\u00f3tOffers step-by-step guidance for the teachern\u00d4\u00c7\u00f3tHas a simple. user-friendly page designn\u00d4\u00c7\u00f3tProvides a Teacher&#8217;s Guide and extra resources for the teacher in a packnnThis Shuters Top Class Natural Sciences Grade 7 Teacher&#8217;s Resource Pack (TRP) offers the following benefits: nn\u00d4\u00c7\u00f3tCovers the requirements of the CAPS document for the subject in detailn\u00d4\u00c7\u00f3tProvides methodological guidance to the teacher on every unit and activityn\u00d4\u00c7\u00f3tOffers a user-friendly Teaching Plan to facilitate planningn\u00d4\u00c7\u00f3tProvides answers to all activities and formal assessmentsn\u00d4\u00c7\u00f3tMakes helpful cross-references to the Learner&#8217;s Bookn\u00d4\u00c7\u00f3tOffers useful extra resources for the teachern\u00d4\u00c7\u00f3tHas a simple. user-friendly page design which makes it easy to use.nnAvailable components nShuters Top Class Natural Sciences Grade 7 Learner&#8217;s Book nShuters Top Class Natural Sciences Grade 7 Teacher&#8217;s Resource Pack<\/p>\n","protected":false},"excerpt":{"rendered":"<p>This book is part of the branded Shuters Top Class series which has the following features: nn\u00d4\u00c7\u00f3tCovers all the requirements of the CAPS document for each subjectn\u00d4\u00c7\u00f3tOffers step-by-step guidance for the teachern\u00d4\u00c7\u00f3tHas a simple. user-friendly page designn\u00d4\u00c7\u00f3tProvides a Teacher&#8217;s Guide and extra resources for the teacher in a packnnThis Shuters Top Class Natural Sciences Grade [&hellip;]<\/p>\n","protected":false},"featured_media":0,"template":"","meta":[],"product_brand":[],"product_cat":[22,19],"product_tag":[],"class_list":{"0":"post-4259","1":"product","2":"type-product","3":"status-publish","5":"product_cat-education-reference","6":"product_cat-school","7":"pa_contributors-mike-hill","8":"pa_copyright-shuter-and-shooter-publishers","9":"pa_language-english","10":"pa_publisher-shuter-and-shooter-publishers","12":"first","13":"instock","14":"virtual","15":"sold-individually","16":"taxable","17":"purchasable","18":"product-type-simple"},"aioseo_notices":[],"_links":{"self":[{"href":"https:\/\/bookbuddy.snapplify.ai\/za\/wp-json\/wp\/v2\/product\/4259","targetHints":{"allow":["GET"]}}],"collection":[{"href":"https:\/\/bookbuddy.snapplify.ai\/za\/wp-json\/wp\/v2\/product"}],"about":[{"href":"https:\/\/bookbuddy.snapplify.ai\/za\/wp-json\/wp\/v2\/types\/product"}],"wp:attachment":[{"href":"https:\/\/bookbuddy.snapplify.ai\/za\/wp-json\/wp\/v2\/media?parent=4259"}],"wp:term":[{"taxonomy":"product_brand","embeddable":true,"href":"https:\/\/bookbuddy.snapplify.ai\/za\/wp-json\/wp\/v2\/product_brand?post=4259"},{"taxonomy":"product_cat","embeddable":true,"href":"https:\/\/bookbuddy.snapplify.ai\/za\/wp-json\/wp\/v2\/product_cat?post=4259"},{"taxonomy":"product_tag","embeddable":true,"href":"https:\/\/bookbuddy.snapplify.ai\/za\/wp-json\/wp\/v2\/product_tag?post=4259"}],"curies":[{"name":"wp","href":"https:\/\/api.w.org\/{rel}","templated":true}]}}