{"id":4266,"date":"2025-12-04T11:37:17","date_gmt":"2025-12-04T11:37:17","guid":{"rendered":"https:\/\/bookbuddy.snapplify.ai\/za\/product\/top-class-religion-studies-grade-10-teachers-resource-lifetime-license\/"},"modified":"2026-04-10T01:30:46","modified_gmt":"2026-04-10T01:30:46","slug":"top-class-religion-studies-grade-10-teachers-resource-lifetime-license","status":"publish","type":"product","link":"https:\/\/bookbuddy.snapplify.ai\/za\/product\/top-class-religion-studies-grade-10-teachers-resource-lifetime-license\/","title":{"rendered":"Top Class Religion Studies Grade 10 Teacher&#8217;s Resource Lifetime License"},"content":{"rendered":"<p>This book is part of the branded Top Class series for FET which has the following features: n\u00d4\u00c7\u00f3tCovers all the requirements of the CAPS document for each subjectn\u00d4\u00c7\u00f3tOffers step-by-step guidance for the teachern\u00d4\u00c7\u00f3tHas a simple and user-friendly page designn\u00d4\u00c7\u00f3tProvides a Teacher&#8217;s Resource Book and other extra resources. all in a Teacher&#8217;s Resource Pack.nnThis Top Class Religion Studies Grade 1 O Teacher&#8217;s Resource Pack (TRP) has the following benefits: n\u00d4\u00c7\u00f3tThe Pack includes the Teacher Resource Book (TRB) and other extra classroom resourcesn\u00d4\u00c7\u00f3tThe TRB covers in detail the requirements of the CAPS document for the subjectn\u00d4\u00c7\u00f3tIt provides methodological guidance to the teacher on every unit and activityn\u00d4\u00c7\u00f3tIt provides suggested answers to all activities and formal assessments. as well as rubricsn\u00d4\u00c7\u00f3tHas a simple. user-friendly design with clearly marked sectionsn\u00d4\u00c7\u00f3tIt is fully cross-referenced to the Learner&#8217;s Book.nnAvailable components nTop Class Religion Studies nGrade 1 O Learner&#8217;s Book nTop Class Religion Studies nGrade 10 Teacher&#8217;s Resource Pack n(Includes complimentary Religions chart)<\/p>\n","protected":false},"excerpt":{"rendered":"<p>This book is part of the branded Top Class series for FET which has the following features: n\u00d4\u00c7\u00f3tCovers all the requirements of the CAPS document for each subjectn\u00d4\u00c7\u00f3tOffers step-by-step guidance for the teachern\u00d4\u00c7\u00f3tHas a simple and user-friendly page designn\u00d4\u00c7\u00f3tProvides a Teacher&#8217;s Resource Book and other extra resources. all in a Teacher&#8217;s Resource Pack.nnThis Top Class [&hellip;]<\/p>\n","protected":false},"featured_media":0,"template":"","meta":[],"product_brand":[],"product_cat":[22,19],"product_tag":[],"class_list":{"0":"post-4266","1":"product","2":"type-product","3":"status-publish","5":"product_cat-education-reference","6":"product_cat-school","7":"pa_contributors-m-ryan","8":"pa_copyright-shuter-and-shooter-publishers","9":"pa_language-english","10":"pa_publisher-shuter-and-shooter-publishers","12":"first","13":"instock","14":"virtual","15":"sold-individually","16":"taxable","17":"purchasable","18":"product-type-simple"},"aioseo_notices":[],"_links":{"self":[{"href":"https:\/\/bookbuddy.snapplify.ai\/za\/wp-json\/wp\/v2\/product\/4266","targetHints":{"allow":["GET"]}}],"collection":[{"href":"https:\/\/bookbuddy.snapplify.ai\/za\/wp-json\/wp\/v2\/product"}],"about":[{"href":"https:\/\/bookbuddy.snapplify.ai\/za\/wp-json\/wp\/v2\/types\/product"}],"wp:attachment":[{"href":"https:\/\/bookbuddy.snapplify.ai\/za\/wp-json\/wp\/v2\/media?parent=4266"}],"wp:term":[{"taxonomy":"product_brand","embeddable":true,"href":"https:\/\/bookbuddy.snapplify.ai\/za\/wp-json\/wp\/v2\/product_brand?post=4266"},{"taxonomy":"product_cat","embeddable":true,"href":"https:\/\/bookbuddy.snapplify.ai\/za\/wp-json\/wp\/v2\/product_cat?post=4266"},{"taxonomy":"product_tag","embeddable":true,"href":"https:\/\/bookbuddy.snapplify.ai\/za\/wp-json\/wp\/v2\/product_tag?post=4266"}],"curies":[{"name":"wp","href":"https:\/\/api.w.org\/{rel}","templated":true}]}}