{"id":4280,"date":"2025-12-04T11:37:33","date_gmt":"2025-12-04T11:37:33","guid":{"rendered":"https:\/\/bookbuddy.snapplify.ai\/za\/product\/top-class-tourism-grade-10-teachers-resource-lifetime-license\/"},"modified":"2026-04-10T01:25:19","modified_gmt":"2026-04-10T01:25:19","slug":"top-class-tourism-grade-10-teachers-resource-lifetime-license","status":"publish","type":"product","link":"https:\/\/bookbuddy.snapplify.ai\/za\/product\/top-class-tourism-grade-10-teachers-resource-lifetime-license\/","title":{"rendered":"Top Class Tourism Grade 10 Teacher&#8217;s Resource Lifetime License"},"content":{"rendered":"<p>This book is part of the branded Top Class series which has the following features: n\u00d4\u00c7\u00f3tCovers all the requirements of the CAPS document for each subjectn\u00d4\u00c7\u00f3tOffers step-by-step guidance for the teachern\u00d4\u00c7\u00f3tHas a simple. user-friendly page designn\u00d4\u00c7\u00f3tProvides a Teacher Resources Book and extra resources for the teacher in a Pack.nnThis Top Class Tourism Grade 1 O Teacher&#8217;s Resource Book (TRB) offers the following benefits: n\u00d4\u00c7\u00f3tCovers the requirements of the CAPS document for the subject in detail n\u00d4\u00c7\u00f3tProvides methodological guidance to the teacher on every unit and activity n\u00d4\u00c7\u00f3tProvides answers to all activities and formal assessments n\u00d4\u00c7\u00f3tMakes helpful cross-references to the Learner&#8217;s Book n\u00d4\u00c7\u00f3tHas a simple. user-friendly page design . nnAvailable components nTop Class Tourism Grade 10 Learner&#8217;s Book nTop Class Tourism Grade 10 Teacher&#8217;s Resource Pack<\/p>\n","protected":false},"excerpt":{"rendered":"<p>This book is part of the branded Top Class series which has the following features: n\u00d4\u00c7\u00f3tCovers all the requirements of the CAPS document for each subjectn\u00d4\u00c7\u00f3tOffers step-by-step guidance for the teachern\u00d4\u00c7\u00f3tHas a simple. user-friendly page designn\u00d4\u00c7\u00f3tProvides a Teacher Resources Book and extra resources for the teacher in a Pack.nnThis Top Class Tourism Grade 1 O [&hellip;]<\/p>\n","protected":false},"featured_media":0,"template":"","meta":[],"product_brand":[],"product_cat":[22,19],"product_tag":[],"class_list":{"0":"post-4280","1":"product","2":"type-product","3":"status-publish","5":"product_cat-education-reference","6":"product_cat-school","7":"pa_copyright-shuter-and-shooter-publishers","8":"pa_language-english","9":"pa_publisher-shuter-and-shooter-publishers","11":"first","12":"instock","13":"virtual","14":"sold-individually","15":"taxable","16":"purchasable","17":"product-type-simple"},"aioseo_notices":[],"_links":{"self":[{"href":"https:\/\/bookbuddy.snapplify.ai\/za\/wp-json\/wp\/v2\/product\/4280","targetHints":{"allow":["GET"]}}],"collection":[{"href":"https:\/\/bookbuddy.snapplify.ai\/za\/wp-json\/wp\/v2\/product"}],"about":[{"href":"https:\/\/bookbuddy.snapplify.ai\/za\/wp-json\/wp\/v2\/types\/product"}],"wp:attachment":[{"href":"https:\/\/bookbuddy.snapplify.ai\/za\/wp-json\/wp\/v2\/media?parent=4280"}],"wp:term":[{"taxonomy":"product_brand","embeddable":true,"href":"https:\/\/bookbuddy.snapplify.ai\/za\/wp-json\/wp\/v2\/product_brand?post=4280"},{"taxonomy":"product_cat","embeddable":true,"href":"https:\/\/bookbuddy.snapplify.ai\/za\/wp-json\/wp\/v2\/product_cat?post=4280"},{"taxonomy":"product_tag","embeddable":true,"href":"https:\/\/bookbuddy.snapplify.ai\/za\/wp-json\/wp\/v2\/product_tag?post=4280"}],"curies":[{"name":"wp","href":"https:\/\/api.w.org\/{rel}","templated":true}]}}