{"id":4290,"date":"2025-12-04T11:37:49","date_gmt":"2025-12-04T11:37:49","guid":{"rendered":"https:\/\/bookbuddy.snapplify.ai\/za\/product\/top-klas-lewensorienteering-graad-11-onderwysersgids-lifetime-license\/"},"modified":"2026-04-10T01:25:24","modified_gmt":"2026-04-10T01:25:24","slug":"top-klas-lewensorienteering-graad-11-onderwysersgids-lifetime-license","status":"publish","type":"product","link":"https:\/\/bookbuddy.snapplify.ai\/za\/product\/top-klas-lewensorienteering-graad-11-onderwysersgids-lifetime-license\/","title":{"rendered":"Top Klas Lewensorienteering Graad 11 Onderwysersgids Lifetime License"},"content":{"rendered":"<p>Hierdie boek vorm deel van die reeks Shuters Top Klas-handelsmerke vir VOO. Dit voldoen aan: nn\u00d4\u00c7\u00f3tal die vereistes van die KABV-dokument vir elke vakn\u00d4\u00c7\u00f3tstap vir stap leiding vir die onderwyser n\u00d4\u00c7\u00f3t&#8217;n eenvoudige en gebruikersvriendelike bladontwerpn\u00d4\u00c7\u00f3t&#8217;n Hulpbronpakket en ander bykomende hulpbronne vir die onderwyser .nnHierdie Shuters Top Klas Lewensorientering Graad 11 Hulpbronpakket vir die Onderwyser het die volgende voordele: n\u00d4\u00c7\u00f3tDit sluit die Onderwysersgids en ander klaskamer hulpbronne in.n\u00d4\u00c7\u00f3tDit dek die vereistes van die KABV-dokument uitvoerig vir die onderwerp.n\u00d4\u00c7\u00f3tDit verskaf &#8216;n stel lesse vir die hele jaar.n\u00d4\u00c7\u00f3tDit verskaf stelselmatige leiding oor elke eenheid en aktiwiteit aan die onderwyser.n\u00d4\u00c7\u00f3tDit verskaf antwoorde op aktiwiteite en formele assesserings waar van toepassing.n\u00d4\u00c7\u00f3tDit het &#8216;n eenvoudige. verbruikersvriendelike ontwerp.n\u00d4\u00c7\u00f3tDit het behulpsame kruisverwysings na die Leerdersboek.n\u00d4\u00c7\u00f3tDit sluit &#8216;n omvangryke Liggaamlike Oefeninge Program in.nnBeskikbare komponente nnShuters Top Klas Lewensorientering Graad 11 Leerdersboek nShuters Klas Lewensorientering Graad 11 Onderwysershulpbronpak<\/p>\n","protected":false},"excerpt":{"rendered":"<p>Hierdie boek vorm deel van die reeks Shuters Top Klas-handelsmerke vir VOO. Dit voldoen aan: nn\u00d4\u00c7\u00f3tal die vereistes van die KABV-dokument vir elke vakn\u00d4\u00c7\u00f3tstap vir stap leiding vir die onderwyser n\u00d4\u00c7\u00f3t&#8217;n eenvoudige en gebruikersvriendelike bladontwerpn\u00d4\u00c7\u00f3t&#8217;n Hulpbronpakket en ander bykomende hulpbronne vir die onderwyser .nnHierdie Shuters Top Klas Lewensorientering Graad 11 Hulpbronpakket vir die Onderwyser het [&hellip;]<\/p>\n","protected":false},"featured_media":0,"template":"","meta":[],"product_brand":[],"product_cat":[22,19],"product_tag":[],"class_list":{"0":"post-4290","1":"product","2":"type-product","3":"status-publish","5":"product_cat-education-reference","6":"product_cat-school","7":"pa_copyright-shuter-and-shooter-publishers","8":"pa_language-afrikaans","9":"pa_publisher-shuter-and-shooter-publishers","11":"first","12":"instock","13":"virtual","14":"sold-individually","15":"taxable","16":"purchasable","17":"product-type-simple"},"aioseo_notices":[],"_links":{"self":[{"href":"https:\/\/bookbuddy.snapplify.ai\/za\/wp-json\/wp\/v2\/product\/4290","targetHints":{"allow":["GET"]}}],"collection":[{"href":"https:\/\/bookbuddy.snapplify.ai\/za\/wp-json\/wp\/v2\/product"}],"about":[{"href":"https:\/\/bookbuddy.snapplify.ai\/za\/wp-json\/wp\/v2\/types\/product"}],"wp:attachment":[{"href":"https:\/\/bookbuddy.snapplify.ai\/za\/wp-json\/wp\/v2\/media?parent=4290"}],"wp:term":[{"taxonomy":"product_brand","embeddable":true,"href":"https:\/\/bookbuddy.snapplify.ai\/za\/wp-json\/wp\/v2\/product_brand?post=4290"},{"taxonomy":"product_cat","embeddable":true,"href":"https:\/\/bookbuddy.snapplify.ai\/za\/wp-json\/wp\/v2\/product_cat?post=4290"},{"taxonomy":"product_tag","embeddable":true,"href":"https:\/\/bookbuddy.snapplify.ai\/za\/wp-json\/wp\/v2\/product_tag?post=4290"}],"curies":[{"name":"wp","href":"https:\/\/api.w.org\/{rel}","templated":true}]}}