{"id":4297,"date":"2025-12-04T11:37:56","date_gmt":"2025-12-04T11:37:56","guid":{"rendered":"https:\/\/bookbuddy.snapplify.ai\/za\/product\/top-klas-religiestudies-graad-11-onderwysersgids-lifetime-license\/"},"modified":"2026-04-10T01:25:30","modified_gmt":"2026-04-10T01:25:30","slug":"top-klas-religiestudies-graad-11-onderwysersgids-lifetime-license","status":"publish","type":"product","link":"https:\/\/bookbuddy.snapplify.ai\/za\/product\/top-klas-religiestudies-graad-11-onderwysersgids-lifetime-license\/","title":{"rendered":"Top Klas Religiestudies Graad 11 Onderwysersgids Lifetime License"},"content":{"rendered":"<p>Hierdie boek is deel van die Shuters Top Klas-handelsmerkreeks vir die VOO en het die volgende kenmerke: nn\u00d4\u00c7\u00f3tDek al die vereistes van die KABV-dokument vir elke vakn\u00d4\u00c7\u00f3tBied stap-vir-stap leiding aan die onderwysern\u00d4\u00c7\u00f3tHet &#8216;n eenvoudige en gebruikersvriendelike bladontwerp n\u00d4\u00c7\u00f3tVerskaf&#8217;n Onderwysersgids en ander bykomende hulpbronne. nnH ierdie Shuters Top Klas Religiestudies Graad 11 Onderwysersgids het die volgende voordele: nn\u00d4\u00c7\u00f3 Dit bestaan uit &#8216;n omvattende onderrig-. leer-en assesseringsprogram en sluit bykomende klaskamerhulpbronne in n\u00d4\u00c7\u00f3 Dit dek die vereistes van die KABV-dokument vir die vak in besonderhede n\u00d4\u00c7\u00f3 Dit bied vir die onderwyser metodologiese leiding vir elke eenheid en aktiwiteit n\u00d4\u00c7\u00f3 Dit bied uitgebreide inleidende en agtergrondinligting. sowel as nuttige verwysings n\u00d4\u00c7\u00f3 Dit verskaf voorgestelde antwoorde op al die aktiwiteite en formele assesserings. sowel as rubrieke n\u00d4\u00c7\u00f3 Dit het &#8216;n eenvoudige. gebruikersvriendelike ontwerp met duidelike gemerkte afdelings en daar is volledige kruisverwysings met die Leerderboek n\u00d4\u00c7\u00f3 Dit bied voorbeeldtoets- en eksamenvraestelle en volledige nasienmemoranda. nnBeskikbare komponente nShuters Top Klas Religiestudies Graad 11 Leerdersboek nShuters Top Klas Religiestudies Graad 11 Onderwysershulpbronpak<\/p>\n","protected":false},"excerpt":{"rendered":"<p>Hierdie boek is deel van die Shuters Top Klas-handelsmerkreeks vir die VOO en het die volgende kenmerke: nn\u00d4\u00c7\u00f3tDek al die vereistes van die KABV-dokument vir elke vakn\u00d4\u00c7\u00f3tBied stap-vir-stap leiding aan die onderwysern\u00d4\u00c7\u00f3tHet &#8216;n eenvoudige en gebruikersvriendelike bladontwerp n\u00d4\u00c7\u00f3tVerskaf&#8217;n Onderwysersgids en ander bykomende hulpbronne. nnH ierdie Shuters Top Klas Religiestudies Graad 11 Onderwysersgids het die volgende [&hellip;]<\/p>\n","protected":false},"featured_media":0,"template":"","meta":[],"product_brand":[],"product_cat":[22,19],"product_tag":[],"class_list":{"0":"post-4297","1":"product","2":"type-product","3":"status-publish","5":"product_cat-education-reference","6":"product_cat-school","7":"pa_copyright-shuter-and-shooter-publishers","8":"pa_language-afrikaans","9":"pa_publisher-shuter-and-shooter-publishers","11":"first","12":"instock","13":"virtual","14":"sold-individually","15":"taxable","16":"purchasable","17":"product-type-simple"},"aioseo_notices":[],"_links":{"self":[{"href":"https:\/\/bookbuddy.snapplify.ai\/za\/wp-json\/wp\/v2\/product\/4297","targetHints":{"allow":["GET"]}}],"collection":[{"href":"https:\/\/bookbuddy.snapplify.ai\/za\/wp-json\/wp\/v2\/product"}],"about":[{"href":"https:\/\/bookbuddy.snapplify.ai\/za\/wp-json\/wp\/v2\/types\/product"}],"wp:attachment":[{"href":"https:\/\/bookbuddy.snapplify.ai\/za\/wp-json\/wp\/v2\/media?parent=4297"}],"wp:term":[{"taxonomy":"product_brand","embeddable":true,"href":"https:\/\/bookbuddy.snapplify.ai\/za\/wp-json\/wp\/v2\/product_brand?post=4297"},{"taxonomy":"product_cat","embeddable":true,"href":"https:\/\/bookbuddy.snapplify.ai\/za\/wp-json\/wp\/v2\/product_cat?post=4297"},{"taxonomy":"product_tag","embeddable":true,"href":"https:\/\/bookbuddy.snapplify.ai\/za\/wp-json\/wp\/v2\/product_tag?post=4297"}],"curies":[{"name":"wp","href":"https:\/\/api.w.org\/{rel}","templated":true}]}}