{"id":4300,"date":"2025-12-04T11:37:59","date_gmt":"2025-12-04T11:37:59","guid":{"rendered":"https:\/\/bookbuddy.snapplify.ai\/za\/product\/top-klas-skeppende-kunste-graad-8-onderwysersgids-lifetime-license\/"},"modified":"2026-04-10T01:25:14","modified_gmt":"2026-04-10T01:25:14","slug":"top-klas-skeppende-kunste-graad-8-onderwysersgids-lifetime-license","status":"publish","type":"product","link":"https:\/\/bookbuddy.snapplify.ai\/za\/product\/top-klas-skeppende-kunste-graad-8-onderwysersgids-lifetime-license\/","title":{"rendered":"Top Klas Skeppende Kunste Graad 8 Onderwysersgids Lifetime License"},"content":{"rendered":"<p>Shuters Top Klas Skeppende Kunste vir die Senior Fase is &#8216;n moderne. maklik bruikbare en omvattende reeks wat gebaseer is op die Kurrikulum- en Assesseringsbeleidsverklaring (KABV) wat deur die Departement van Basiese Onderwys verskaf word. Hierdie materiaal maak voorsiening vir die volgende kunsvorms soos in die KABV-dokument vereis word: n\u00d4\u00c7\u00f3tDansn\u00d4\u00c7\u00f3tDraman\u00d4\u00c7\u00f3tMusiekn\u00d4\u00c7\u00f3tVisuele KunstenDie Shuters Top Klas Skeppende Kunste Onderwysersgids vir elkeen van die drie grade het die volgende kenmerke en voordele: n\u00d4\u00c7\u00f3t&#8217;n Kwartaalplan word in elke kunsvorm en graad vir elke kwartaal verskafn\u00d4\u00c7\u00f3t&#8217;n Voorbeeld van &#8216;n lesplan vir elke kunsvorm en graad word vir die onderwyser se leiding verskafn\u00d4\u00c7\u00f3tStap-vir-stap metodologiese leiding oor elke eenheid en aktiwiteitn\u00d4\u00c7\u00f3tFormele assesseringstake. toetse en eksamens wat vir elke graad voorgeskryf word. word verskafn\u00d4\u00c7\u00f3t&#8217;n Formele assesseringsgids word in elke kunsvorm en graad verskafn\u00d4\u00c7\u00f3tAntwoorde en nasieninstrumente word vir aktiwiteite en formele assessenngs gegeen\u00d4\u00c7\u00f3tNuttige kruisverwysings na eenhede en aktiwiteite in die Leerdersboek word gemaakn\u00d4\u00c7\u00f3tBykomende inligting word gegee om die onderwyser beter toe te rus oor verskillende onderwerpe.nBeskikbare komponente nShuters Top Klas Skeppende Kunste Graad 8 Leerdersboek Shuters Top Klas Skeppende Kunste Graad 8 Onderwysersgids (Ook beskikbaar in Engels)<\/p>\n","protected":false},"excerpt":{"rendered":"<p>Shuters Top Klas Skeppende Kunste vir die Senior Fase is &#8216;n moderne. maklik bruikbare en omvattende reeks wat gebaseer is op die Kurrikulum- en Assesseringsbeleidsverklaring (KABV) wat deur die Departement van Basiese Onderwys verskaf word. Hierdie materiaal maak voorsiening vir die volgende kunsvorms soos in die KABV-dokument vereis word: n\u00d4\u00c7\u00f3tDansn\u00d4\u00c7\u00f3tDraman\u00d4\u00c7\u00f3tMusiekn\u00d4\u00c7\u00f3tVisuele KunstenDie Shuters Top Klas Skeppende [&hellip;]<\/p>\n","protected":false},"featured_media":0,"template":"","meta":[],"product_brand":[],"product_cat":[22,19],"product_tag":[],"class_list":{"0":"post-4300","1":"product","2":"type-product","3":"status-publish","5":"product_cat-education-reference","6":"product_cat-school","7":"pa_contributors-helen-white","8":"pa_copyright-shuter-and-shooter-publishers","9":"pa_language-afrikaans","10":"pa_publisher-shuter-and-shooter-publishers","12":"first","13":"instock","14":"virtual","15":"sold-individually","16":"taxable","17":"purchasable","18":"product-type-simple"},"aioseo_notices":[],"_links":{"self":[{"href":"https:\/\/bookbuddy.snapplify.ai\/za\/wp-json\/wp\/v2\/product\/4300","targetHints":{"allow":["GET"]}}],"collection":[{"href":"https:\/\/bookbuddy.snapplify.ai\/za\/wp-json\/wp\/v2\/product"}],"about":[{"href":"https:\/\/bookbuddy.snapplify.ai\/za\/wp-json\/wp\/v2\/types\/product"}],"wp:attachment":[{"href":"https:\/\/bookbuddy.snapplify.ai\/za\/wp-json\/wp\/v2\/media?parent=4300"}],"wp:term":[{"taxonomy":"product_brand","embeddable":true,"href":"https:\/\/bookbuddy.snapplify.ai\/za\/wp-json\/wp\/v2\/product_brand?post=4300"},{"taxonomy":"product_cat","embeddable":true,"href":"https:\/\/bookbuddy.snapplify.ai\/za\/wp-json\/wp\/v2\/product_cat?post=4300"},{"taxonomy":"product_tag","embeddable":true,"href":"https:\/\/bookbuddy.snapplify.ai\/za\/wp-json\/wp\/v2\/product_tag?post=4300"}],"curies":[{"name":"wp","href":"https:\/\/api.w.org\/{rel}","templated":true}]}}