{"id":4301,"date":"2025-12-04T11:38:01","date_gmt":"2025-12-04T11:38:01","guid":{"rendered":"https:\/\/bookbuddy.snapplify.ai\/za\/product\/top-klas-sosiale-wetenskappe-graad-7-onderwysersgids-lifetime-license\/"},"modified":"2026-04-10T01:31:16","modified_gmt":"2026-04-10T01:31:16","slug":"top-klas-sosiale-wetenskappe-graad-7-onderwysersgids-lifetime-license","status":"publish","type":"product","link":"https:\/\/bookbuddy.snapplify.ai\/za\/product\/top-klas-sosiale-wetenskappe-graad-7-onderwysersgids-lifetime-license\/","title":{"rendered":"Top Klas Sosiale Wetenskappe Graad 7 Onderwysersgids Lifetime License"},"content":{"rendered":"<p>Hierdie boek is deel van die Shuters Top Klas-reeks en bevat die volgende eienskappe:nn\u00d4\u00c7\u00f3tOek al die vereistes van die CAPS-dokument vir elke vakn\u00d4\u00c7\u00f3tBied stap vir stap leiding vir die onderwysern\u00d4\u00c7\u00f3tBevat &#8216;n eenvoudige en gebruikersvriendelike bladontwerpn\u00d4\u00c7\u00f3tBied &#8216;n Onderwysersgids vir die onderwyser met bykomende hulpbronne vir die onderwyser in &#8216;n pakket.nnHierdie Shuters Top Klas Sosiale Wetenskappe Graad 7 Onderwysersgids bevat die volgende voordele: nn\u00d4\u00c7\u00f3tOek uitvoerige vereistes van die CAPS-dokument vir elke vakn\u00d4\u00c7\u00f3tIs &#8216;n metodiese handleiding vir d ie onderwyser oor elke eenheid en aktiwiteitn\u00d4\u00c7\u00f3tVerskaf antwoorde viral die aktiwiteite en formele assesseringsn\u00d4\u00c7\u00f3tBevat nuttige kruisverwysings na die Leerdersboekn\u00d4\u00c7\u00f3tBied nuttige bykomende hulpbronne vir die onderwysern\u00d4\u00c7\u00f3tHet &#8216;n eenvoudige. gebruikersvriendelike bladontwerp.nnBeskikbare komponente nShuters Top Klas Sosiale Wetenskappe Graad 7 Leerdersboek nShuters Top Klas Sosiale Wetenskappe Graad 7 Onderwysersgids<\/p>\n","protected":false},"excerpt":{"rendered":"<p>Hierdie boek is deel van die Shuters Top Klas-reeks en bevat die volgende eienskappe:nn\u00d4\u00c7\u00f3tOek al die vereistes van die CAPS-dokument vir elke vakn\u00d4\u00c7\u00f3tBied stap vir stap leiding vir die onderwysern\u00d4\u00c7\u00f3tBevat &#8216;n eenvoudige en gebruikersvriendelike bladontwerpn\u00d4\u00c7\u00f3tBied &#8216;n Onderwysersgids vir die onderwyser met bykomende hulpbronne vir die onderwyser in &#8216;n pakket.nnHierdie Shuters Top Klas Sosiale Wetenskappe Graad [&hellip;]<\/p>\n","protected":false},"featured_media":0,"template":"","meta":[],"product_brand":[],"product_cat":[22,19],"product_tag":[],"class_list":{"0":"post-4301","1":"product","2":"type-product","3":"status-publish","5":"product_cat-education-reference","6":"product_cat-school","7":"pa_contributors-s-haw","8":"pa_copyright-shuter-and-shooter-publishers","9":"pa_language-afrikaans","10":"pa_publisher-shuter-and-shooter-publishers","12":"first","13":"instock","14":"virtual","15":"sold-individually","16":"taxable","17":"purchasable","18":"product-type-simple"},"aioseo_notices":[],"_links":{"self":[{"href":"https:\/\/bookbuddy.snapplify.ai\/za\/wp-json\/wp\/v2\/product\/4301","targetHints":{"allow":["GET"]}}],"collection":[{"href":"https:\/\/bookbuddy.snapplify.ai\/za\/wp-json\/wp\/v2\/product"}],"about":[{"href":"https:\/\/bookbuddy.snapplify.ai\/za\/wp-json\/wp\/v2\/types\/product"}],"wp:attachment":[{"href":"https:\/\/bookbuddy.snapplify.ai\/za\/wp-json\/wp\/v2\/media?parent=4301"}],"wp:term":[{"taxonomy":"product_brand","embeddable":true,"href":"https:\/\/bookbuddy.snapplify.ai\/za\/wp-json\/wp\/v2\/product_brand?post=4301"},{"taxonomy":"product_cat","embeddable":true,"href":"https:\/\/bookbuddy.snapplify.ai\/za\/wp-json\/wp\/v2\/product_cat?post=4301"},{"taxonomy":"product_tag","embeddable":true,"href":"https:\/\/bookbuddy.snapplify.ai\/za\/wp-json\/wp\/v2\/product_tag?post=4301"}],"curies":[{"name":"wp","href":"https:\/\/api.w.org\/{rel}","templated":true}]}}