{"id":4777,"date":"2025-12-04T11:47:52","date_gmt":"2025-12-04T11:47:52","guid":{"rendered":"https:\/\/bookbuddy.snapplify.ai\/za\/product\/sichumile-isixhosa-grade-7-teachers-guide-lifetime-license\/"},"modified":"2026-04-10T02:18:52","modified_gmt":"2026-04-10T02:18:52","slug":"sichumile-isixhosa-grade-7-teachers-guide-lifetime-license","status":"publish","type":"product","link":"https:\/\/bookbuddy.snapplify.ai\/za\/product\/sichumile-isixhosa-grade-7-teachers-guide-lifetime-license\/","title":{"rendered":"Sichumile Isixhosa Grade 7 Teacher&#8217;s Guide Lifetime License"},"content":{"rendered":"<p>Le ncwadi katitshala iqulathe oku kulandelayo: n\u00d4\u00c7\u00f3tlzifikelele zonke iimfuno zofundo njengoko zicwangcisiwe kwiidotyhumenti ezimalunga nocwangciso !we-CAPS kwisifundo ngasinye.n\u00d4\u00c7\u00f3tlxhobisa utitshala kwinqanaba nenqanaba anganyathela kulo ukuze aphumelele kwiinjongo zakhe zokufundisa abafundi abaphumelelayo kwiklasi yakhe.n\u00d4\u00c7\u00f3tlziqendu zenziwe ngohlobo olucace gca ukuze kube lula ukuyisebenzisa. kwaye okuthethwa kwiphepha nephepha kulula ukukulandela.n\u00d4\u00c7\u00f3tlyamkhokela ngokukuko utitshala. kwaye inazo nezinye izinto ezithe kratya ezinokuba luncedo kuye. n\u00d4\u00c7\u00f3tlkwancedisana notitshala ngokumnika zonke iimpendulo kwimisetyenzana neemvavanyo ezinikwe abafundi kwincwadi yabo.n\u00d4\u00c7\u00f3tlyalubonakalisa unxibelelwano olwenzekileyo phakathi kwencwadi yomfundi. incwadi yokufunda nencwadi katitshala.nnZizonke ezi ncwadi zifumaneka ngolu hlobo: nSichumile lsiXhosa lncwadi Vomfundi lbanga 7nSichumile lsiXhosa lncwadi Vokufunda lbanga 7 nSichumile lsiXhosa lncwadi Katitshala lbanga 7nn<\/p>\n","protected":false},"excerpt":{"rendered":"<p>Le ncwadi katitshala iqulathe oku kulandelayo: n\u00d4\u00c7\u00f3tlzifikelele zonke iimfuno zofundo njengoko zicwangcisiwe kwiidotyhumenti ezimalunga nocwangciso !we-CAPS kwisifundo ngasinye.n\u00d4\u00c7\u00f3tlxhobisa utitshala kwinqanaba nenqanaba anganyathela kulo ukuze aphumelele kwiinjongo zakhe zokufundisa abafundi abaphumelelayo kwiklasi yakhe.n\u00d4\u00c7\u00f3tlziqendu zenziwe ngohlobo olucace gca ukuze kube lula ukuyisebenzisa. kwaye okuthethwa kwiphepha nephepha kulula ukukulandela.n\u00d4\u00c7\u00f3tlyamkhokela ngokukuko utitshala. kwaye inazo nezinye izinto ezithe kratya ezinokuba [&hellip;]<\/p>\n","protected":false},"featured_media":0,"template":"","meta":[],"product_brand":[],"product_cat":[22,19],"product_tag":[],"class_list":{"0":"post-4777","1":"product","2":"type-product","3":"status-publish","5":"product_cat-education-reference","6":"product_cat-school","7":"pa_copyright-shuter-and-shooter-publishers","8":"pa_language-isixhosa","9":"pa_publisher-shuter-and-shooter-publishers","11":"first","12":"instock","13":"virtual","14":"sold-individually","15":"taxable","16":"purchasable","17":"product-type-simple"},"aioseo_notices":[],"_links":{"self":[{"href":"https:\/\/bookbuddy.snapplify.ai\/za\/wp-json\/wp\/v2\/product\/4777","targetHints":{"allow":["GET"]}}],"collection":[{"href":"https:\/\/bookbuddy.snapplify.ai\/za\/wp-json\/wp\/v2\/product"}],"about":[{"href":"https:\/\/bookbuddy.snapplify.ai\/za\/wp-json\/wp\/v2\/types\/product"}],"wp:attachment":[{"href":"https:\/\/bookbuddy.snapplify.ai\/za\/wp-json\/wp\/v2\/media?parent=4777"}],"wp:term":[{"taxonomy":"product_brand","embeddable":true,"href":"https:\/\/bookbuddy.snapplify.ai\/za\/wp-json\/wp\/v2\/product_brand?post=4777"},{"taxonomy":"product_cat","embeddable":true,"href":"https:\/\/bookbuddy.snapplify.ai\/za\/wp-json\/wp\/v2\/product_cat?post=4777"},{"taxonomy":"product_tag","embeddable":true,"href":"https:\/\/bookbuddy.snapplify.ai\/za\/wp-json\/wp\/v2\/product_tag?post=4777"}],"curies":[{"name":"wp","href":"https:\/\/api.w.org\/{rel}","templated":true}]}}