{"id":5969,"date":"2025-12-04T12:12:42","date_gmt":"2025-12-04T12:12:42","guid":{"rendered":"https:\/\/bookbuddy.snapplify.ai\/za\/product\/teko-ya-kgosikgolo\/"},"modified":"2025-12-04T15:42:23","modified_gmt":"2025-12-04T15:42:23","slug":"teko-ya-kgosikgolo","status":"publish","type":"product","link":"https:\/\/bookbuddy.snapplify.ai\/za\/product\/teko-ya-kgosikgolo\/","title":{"rendered":"Teko ya Kgo\u0161ikgolo"},"content":{"rendered":"<p>Gant\u0161i ba bolela gore ga go bohwa bjo bo humilego go swana le go tshephagala. Kanegelo ye ya go kgahli\u0161a e anegwa ka bothakga e na le diswant\u0161ho t\u0161a go kgahli\u0161a go hlohlelet\u0161a lerato la bophelong go tli\u0161a go tshephagala.<\/p>\n","protected":false},"excerpt":{"rendered":"<p>Gant\u0161i ba bolela gore ga go bohwa bjo bo humilego go swana le go tshephagala. Kanegelo ye ya go kgahli\u0161a e anegwa ka bothakga e na le diswant\u0161ho t\u0161a go kgahli\u0161a go hlohlelet\u0161a lerato la bophelong go tli\u0161a go tshephagala.<\/p>\n","protected":false},"featured_media":0,"template":"","meta":[],"product_brand":[],"product_cat":[3109,22,3088,19,32],"product_tag":[],"class_list":{"0":"post-5969","1":"product","2":"type-product","3":"status-publish","5":"product_cat-childrens-books","6":"product_cat-education-reference","7":"product_cat-fiction-literature","8":"product_cat-school","9":"product_cat-sepedi","10":"pa_contributors-diamond-adebowale","11":"pa_copyright-verity-publishers","12":"pa_language-pedi-sepedi-northern-sotho","13":"pa_publisher-verity-publishers","15":"first","16":"instock","17":"virtual","18":"sold-individually","19":"taxable","20":"purchasable","21":"product-type-simple"},"aioseo_notices":[],"_links":{"self":[{"href":"https:\/\/bookbuddy.snapplify.ai\/za\/wp-json\/wp\/v2\/product\/5969","targetHints":{"allow":["GET"]}}],"collection":[{"href":"https:\/\/bookbuddy.snapplify.ai\/za\/wp-json\/wp\/v2\/product"}],"about":[{"href":"https:\/\/bookbuddy.snapplify.ai\/za\/wp-json\/wp\/v2\/types\/product"}],"wp:attachment":[{"href":"https:\/\/bookbuddy.snapplify.ai\/za\/wp-json\/wp\/v2\/media?parent=5969"}],"wp:term":[{"taxonomy":"product_brand","embeddable":true,"href":"https:\/\/bookbuddy.snapplify.ai\/za\/wp-json\/wp\/v2\/product_brand?post=5969"},{"taxonomy":"product_cat","embeddable":true,"href":"https:\/\/bookbuddy.snapplify.ai\/za\/wp-json\/wp\/v2\/product_cat?post=5969"},{"taxonomy":"product_tag","embeddable":true,"href":"https:\/\/bookbuddy.snapplify.ai\/za\/wp-json\/wp\/v2\/product_tag?post=5969"}],"curies":[{"name":"wp","href":"https:\/\/api.w.org\/{rel}","templated":true}]}}