{"id":5974,"date":"2025-12-04T12:12:53","date_gmt":"2025-12-04T12:12:53","guid":{"rendered":"https:\/\/bookbuddy.snapplify.ai\/za\/product\/motheo-wa-kgotlelelo\/"},"modified":"2025-12-04T15:42:26","modified_gmt":"2025-12-04T15:42:26","slug":"motheo-wa-kgotlelelo","status":"publish","type":"product","link":"https:\/\/bookbuddy.snapplify.ai\/za\/product\/motheo-wa-kgotlelelo\/","title":{"rendered":"Motheo wa Kgotlelelo"},"content":{"rendered":"<p>Gant\u0161i ba re Kgotlelelo ke Motheo wo o ka se t\u0161eelwego legato ke selo bophlelong. Fepa monagano wa gago ka kanegelo ye ya maitshwaro yeo e e hlagi\u0161ago ka bothakga Motheo wa Kgotlelelo ka diswant\u0161ho t\u0161e di kgahli\u0161ago.<\/p>\n","protected":false},"excerpt":{"rendered":"<p>Gant\u0161i ba re Kgotlelelo ke Motheo wo o ka se t\u0161eelwego legato ke selo bophlelong. Fepa monagano wa gago ka kanegelo ye ya maitshwaro yeo e e hlagi\u0161ago ka bothakga Motheo wa Kgotlelelo ka diswant\u0161ho t\u0161e di kgahli\u0161ago.<\/p>\n","protected":false},"featured_media":0,"template":"","meta":[],"product_brand":[],"product_cat":[3109,22,3088,19,32],"product_tag":[],"class_list":{"0":"post-5974","1":"product","2":"type-product","3":"status-publish","5":"product_cat-childrens-books","6":"product_cat-education-reference","7":"product_cat-fiction-literature","8":"product_cat-school","9":"product_cat-sepedi","10":"pa_contributors-diamond-adebowale","11":"pa_copyright-verity-publishers","12":"pa_language-pedi-sepedi-northern-sotho","13":"pa_publisher-verity-publishers","15":"first","16":"instock","17":"virtual","18":"sold-individually","19":"taxable","20":"purchasable","21":"product-type-simple"},"aioseo_notices":[],"_links":{"self":[{"href":"https:\/\/bookbuddy.snapplify.ai\/za\/wp-json\/wp\/v2\/product\/5974","targetHints":{"allow":["GET"]}}],"collection":[{"href":"https:\/\/bookbuddy.snapplify.ai\/za\/wp-json\/wp\/v2\/product"}],"about":[{"href":"https:\/\/bookbuddy.snapplify.ai\/za\/wp-json\/wp\/v2\/types\/product"}],"wp:attachment":[{"href":"https:\/\/bookbuddy.snapplify.ai\/za\/wp-json\/wp\/v2\/media?parent=5974"}],"wp:term":[{"taxonomy":"product_brand","embeddable":true,"href":"https:\/\/bookbuddy.snapplify.ai\/za\/wp-json\/wp\/v2\/product_brand?post=5974"},{"taxonomy":"product_cat","embeddable":true,"href":"https:\/\/bookbuddy.snapplify.ai\/za\/wp-json\/wp\/v2\/product_cat?post=5974"},{"taxonomy":"product_tag","embeddable":true,"href":"https:\/\/bookbuddy.snapplify.ai\/za\/wp-json\/wp\/v2\/product_tag?post=5974"}],"curies":[{"name":"wp","href":"https:\/\/api.w.org\/{rel}","templated":true}]}}