{"id":6089,"date":"2025-12-04T12:15:19","date_gmt":"2025-12-04T12:15:19","guid":{"rendered":"https:\/\/bookbuddy.snapplify.ai\/za\/product\/sizwe-mohlankedimogolo\/"},"modified":"2025-12-04T15:42:00","modified_gmt":"2025-12-04T15:42:00","slug":"sizwe-mohlankedimogolo","status":"publish","type":"product","link":"https:\/\/bookbuddy.snapplify.ai\/za\/product\/sizwe-mohlankedimogolo\/","title":{"rendered":"SIZWE: Mohlankedimogolo"},"content":{"rendered":"<p>Motho yo mongwe le yo mongwe o na le sekgoba seo a swanet\u0161ego go se tlat\u0161a mo lefaseng. Ge se sengwe le se sengwe se bonala se fedile go Sizwe, o laet\u0161a gore maikemi\u0161et\u0161o, maitshwaro a mabotse le matsapa ke dilo t\u0161e bohlokwa t\u0161a go tli\u0161a katlego. Ipshine ka nonwane ye ya kgale ye e anegwago leswa ka seemo se seswa ke Diamond Adebowale, go hlohlelet\u0161a bana go fihlelela bophelo bja katlego bjo ba bo nyakago.<\/p>\n","protected":false},"excerpt":{"rendered":"<p>Motho yo mongwe le yo mongwe o na le sekgoba seo a swanet\u0161ego go se tlat\u0161a mo lefaseng. Ge se sengwe le se sengwe se bonala se fedile go Sizwe, o laet\u0161a gore maikemi\u0161et\u0161o, maitshwaro a mabotse le matsapa ke dilo t\u0161e bohlokwa t\u0161a go tli\u0161a katlego. Ipshine ka nonwane ye ya kgale ye e [&hellip;]<\/p>\n","protected":false},"featured_media":0,"template":"","meta":[],"product_brand":[],"product_cat":[3109,22,3088,19,32],"product_tag":[],"class_list":{"0":"post-6089","1":"product","2":"type-product","3":"status-publish","5":"product_cat-childrens-books","6":"product_cat-education-reference","7":"product_cat-fiction-literature","8":"product_cat-school","9":"product_cat-sepedi","10":"pa_contributors-diamond-adebowale","11":"pa_copyright-verity-publishers","12":"pa_language-pedi-sepedi-northern-sotho","13":"pa_publisher-verity-publishers","15":"first","16":"instock","17":"virtual","18":"sold-individually","19":"taxable","20":"purchasable","21":"product-type-simple"},"aioseo_notices":[],"_links":{"self":[{"href":"https:\/\/bookbuddy.snapplify.ai\/za\/wp-json\/wp\/v2\/product\/6089","targetHints":{"allow":["GET"]}}],"collection":[{"href":"https:\/\/bookbuddy.snapplify.ai\/za\/wp-json\/wp\/v2\/product"}],"about":[{"href":"https:\/\/bookbuddy.snapplify.ai\/za\/wp-json\/wp\/v2\/types\/product"}],"wp:attachment":[{"href":"https:\/\/bookbuddy.snapplify.ai\/za\/wp-json\/wp\/v2\/media?parent=6089"}],"wp:term":[{"taxonomy":"product_brand","embeddable":true,"href":"https:\/\/bookbuddy.snapplify.ai\/za\/wp-json\/wp\/v2\/product_brand?post=6089"},{"taxonomy":"product_cat","embeddable":true,"href":"https:\/\/bookbuddy.snapplify.ai\/za\/wp-json\/wp\/v2\/product_cat?post=6089"},{"taxonomy":"product_tag","embeddable":true,"href":"https:\/\/bookbuddy.snapplify.ai\/za\/wp-json\/wp\/v2\/product_tag?post=6089"}],"curies":[{"name":"wp","href":"https:\/\/api.w.org\/{rel}","templated":true}]}}