{"id":6099,"date":"2025-12-04T12:15:34","date_gmt":"2025-12-04T12:15:34","guid":{"rendered":"https:\/\/bookbuddy.snapplify.ai\/za\/product\/nkosazana-morwedi-wa-kgosi-ya-msondezi\/"},"modified":"2025-12-04T15:42:22","modified_gmt":"2025-12-04T15:42:22","slug":"nkosazana-morwedi-wa-kgosi-ya-msondezi","status":"publish","type":"product","link":"https:\/\/bookbuddy.snapplify.ai\/za\/product\/nkosazana-morwedi-wa-kgosi-ya-msondezi\/","title":{"rendered":"Nkosazana: Morwedi wa Kgo\u0161i ya Msondezi"},"content":{"rendered":"<p>Ye ke kanegelo ya Nkosazana, morwedi wa kgo\u0161i yo mobotse wa Naga ya kgale ya kgo\u0161i ya Msondezi. Kanegelo ye ya go kgahli\u0161a le mekgwa yeo e e hlagi\u0161ago e tla thu\u0161a bana le bafsa ba mahlalagading go kwe\u0161i\u0161a bohlokwa bja maitshwaro a mabotse, le go ba dira gore ba phethagat\u0161e \u2018Mo\u0161omo wo Bohlokwa\u2019 wa bona bophelong, \u201cDira batho ka fao o nyakago gore ba go dire ka gona.\u201d<\/p>\n","protected":false},"excerpt":{"rendered":"<p>Ye ke kanegelo ya Nkosazana, morwedi wa kgo\u0161i yo mobotse wa Naga ya kgale ya kgo\u0161i ya Msondezi. Kanegelo ye ya go kgahli\u0161a le mekgwa yeo e e hlagi\u0161ago e tla thu\u0161a bana le bafsa ba mahlalagading go kwe\u0161i\u0161a bohlokwa bja maitshwaro a mabotse, le go ba dira gore ba phethagat\u0161e \u2018Mo\u0161omo wo Bohlokwa\u2019 wa [&hellip;]<\/p>\n","protected":false},"featured_media":0,"template":"","meta":[],"product_brand":[],"product_cat":[3109,22,3088,19,32],"product_tag":[],"class_list":{"0":"post-6099","1":"product","2":"type-product","3":"status-publish","5":"product_cat-childrens-books","6":"product_cat-education-reference","7":"product_cat-fiction-literature","8":"product_cat-school","9":"product_cat-sepedi","10":"pa_contributors-diamond-adebowale","11":"pa_copyright-verity-publishers","12":"pa_language-pedi-sepedi-northern-sotho","13":"pa_publisher-verity-publishers","15":"first","16":"instock","17":"virtual","18":"sold-individually","19":"taxable","20":"purchasable","21":"product-type-simple"},"aioseo_notices":[],"_links":{"self":[{"href":"https:\/\/bookbuddy.snapplify.ai\/za\/wp-json\/wp\/v2\/product\/6099","targetHints":{"allow":["GET"]}}],"collection":[{"href":"https:\/\/bookbuddy.snapplify.ai\/za\/wp-json\/wp\/v2\/product"}],"about":[{"href":"https:\/\/bookbuddy.snapplify.ai\/za\/wp-json\/wp\/v2\/types\/product"}],"wp:attachment":[{"href":"https:\/\/bookbuddy.snapplify.ai\/za\/wp-json\/wp\/v2\/media?parent=6099"}],"wp:term":[{"taxonomy":"product_brand","embeddable":true,"href":"https:\/\/bookbuddy.snapplify.ai\/za\/wp-json\/wp\/v2\/product_brand?post=6099"},{"taxonomy":"product_cat","embeddable":true,"href":"https:\/\/bookbuddy.snapplify.ai\/za\/wp-json\/wp\/v2\/product_cat?post=6099"},{"taxonomy":"product_tag","embeddable":true,"href":"https:\/\/bookbuddy.snapplify.ai\/za\/wp-json\/wp\/v2\/product_tag?post=6099"}],"curies":[{"name":"wp","href":"https:\/\/api.w.org\/{rel}","templated":true}]}}