{"id":6106,"date":"2025-12-04T12:15:41","date_gmt":"2025-12-04T12:15:41","guid":{"rendered":"https:\/\/bookbuddy.snapplify.ai\/za\/product\/thabo-le-terakone-ye-nnyane\/"},"modified":"2025-12-04T15:42:21","modified_gmt":"2025-12-04T15:42:21","slug":"thabo-le-terakone-ye-nnyane","status":"publish","type":"product","link":"https:\/\/bookbuddy.snapplify.ai\/za\/product\/thabo-le-terakone-ye-nnyane\/","title":{"rendered":"Thabo le Terakone ye Nnyane"},"content":{"rendered":"<p>Thabo o ya sethokgweng go ya go tsoma dijo ka ge noka ya bona e \u0161ilafet\u0161e. O hwet\u0161a lee la mmala wa gauta leo a ilego a le bea kgauswi le mollo wa gagwe wa kampeng. Bo\u0161ego lee leo le ile la thwathwa\u0161a. Thabo o maket\u0161e ge terakone ye nnyane e thwathwat\u0161a e et\u0161wa ka gare ga lee. O a e hlokomela gomme ba fetoga bagwera ba bakaone. Ye ke kgati\u0161o ya mathomo ka molokolokong            wa dikgati\u0161o t\u0161a go utolla ga Thabo le terakone.<\/p>\n","protected":false},"excerpt":{"rendered":"<p>Thabo o ya sethokgweng go ya go tsoma dijo ka ge noka ya bona e \u0161ilafet\u0161e. O hwet\u0161a lee la mmala wa gauta leo a ilego a le bea kgauswi le mollo wa gagwe wa kampeng. Bo\u0161ego lee leo le ile la thwathwa\u0161a. Thabo o maket\u0161e ge terakone ye nnyane e thwathwat\u0161a e et\u0161wa ka [&hellip;]<\/p>\n","protected":false},"featured_media":0,"template":"","meta":[],"product_brand":[],"product_cat":[3109,22,3088,19,32],"product_tag":[],"class_list":{"0":"post-6106","1":"product","2":"type-product","3":"status-publish","5":"product_cat-childrens-books","6":"product_cat-education-reference","7":"product_cat-fiction-literature","8":"product_cat-school","9":"product_cat-sepedi","10":"pa_contributors-malie-olivier","11":"pa_copyright-verity-publishers","12":"pa_language-pedi-sepedi-northern-sotho","13":"pa_publisher-verity-publishers","15":"first","16":"instock","17":"virtual","18":"sold-individually","19":"taxable","20":"purchasable","21":"product-type-simple"},"aioseo_notices":[],"_links":{"self":[{"href":"https:\/\/bookbuddy.snapplify.ai\/za\/wp-json\/wp\/v2\/product\/6106","targetHints":{"allow":["GET"]}}],"collection":[{"href":"https:\/\/bookbuddy.snapplify.ai\/za\/wp-json\/wp\/v2\/product"}],"about":[{"href":"https:\/\/bookbuddy.snapplify.ai\/za\/wp-json\/wp\/v2\/types\/product"}],"wp:attachment":[{"href":"https:\/\/bookbuddy.snapplify.ai\/za\/wp-json\/wp\/v2\/media?parent=6106"}],"wp:term":[{"taxonomy":"product_brand","embeddable":true,"href":"https:\/\/bookbuddy.snapplify.ai\/za\/wp-json\/wp\/v2\/product_brand?post=6106"},{"taxonomy":"product_cat","embeddable":true,"href":"https:\/\/bookbuddy.snapplify.ai\/za\/wp-json\/wp\/v2\/product_cat?post=6106"},{"taxonomy":"product_tag","embeddable":true,"href":"https:\/\/bookbuddy.snapplify.ai\/za\/wp-json\/wp\/v2\/product_tag?post=6106"}],"curies":[{"name":"wp","href":"https:\/\/api.w.org\/{rel}","templated":true}]}}