{"id":6176,"date":"2025-12-04T12:17:11","date_gmt":"2025-12-04T12:17:11","guid":{"rendered":"https:\/\/bookbuddy.snapplify.ai\/za\/product\/khudu-e-bohlale\/"},"modified":"2025-12-04T15:42:57","modified_gmt":"2025-12-04T15:42:57","slug":"khudu-e-bohlale","status":"publish","type":"product","link":"https:\/\/bookbuddy.snapplify.ai\/za\/product\/khudu-e-bohlale\/","title":{"rendered":"Khudu e Bohlale"},"content":{"rendered":"<p>Motseng o monyenyane Afrika Bophirima, khudu e bohlale ea khale e bitsoang Kofi e tsebja ka bohlale le botho. Kwame o hwet\u0161a lefofa le lebotse fase gomme o nyaka go le boloka, eup\u0161a o a tseba gore ke la kgo\u0161i ya motse. Ke moka Kofi o abelana le yena kanegelo ya bohlokwa bja potego. Na Kwame o tla theelet\u0161a mant\u0161u a bohlale a Kofi gomme a t\u0161ea sephetho se se nepaget\u0161ego?<\/p>\n","protected":false},"excerpt":{"rendered":"<p>Motseng o monyenyane Afrika Bophirima, khudu e bohlale ea khale e bitsoang Kofi e tsebja ka bohlale le botho. Kwame o hwet\u0161a lefofa le lebotse fase gomme o nyaka go le boloka, eup\u0161a o a tseba gore ke la kgo\u0161i ya motse. Ke moka Kofi o abelana le yena kanegelo ya bohlokwa bja potego. Na [&hellip;]<\/p>\n","protected":false},"featured_media":0,"template":"","meta":[],"product_brand":[],"product_cat":[22,3088,19,32],"product_tag":[],"class_list":{"0":"post-6176","1":"product","2":"type-product","3":"status-publish","5":"product_cat-education-reference","6":"product_cat-fiction-literature","7":"product_cat-school","8":"product_cat-sepedi","9":"pa_contributors-zibuyile-mkhize","10":"pa_copyright-verity-publishers","11":"pa_language-pedi-sepedi-northern-sotho","12":"pa_publisher-verity-publishers","14":"first","15":"instock","16":"virtual","17":"sold-individually","18":"taxable","19":"purchasable","20":"product-type-simple"},"aioseo_notices":[],"_links":{"self":[{"href":"https:\/\/bookbuddy.snapplify.ai\/za\/wp-json\/wp\/v2\/product\/6176","targetHints":{"allow":["GET"]}}],"collection":[{"href":"https:\/\/bookbuddy.snapplify.ai\/za\/wp-json\/wp\/v2\/product"}],"about":[{"href":"https:\/\/bookbuddy.snapplify.ai\/za\/wp-json\/wp\/v2\/types\/product"}],"wp:attachment":[{"href":"https:\/\/bookbuddy.snapplify.ai\/za\/wp-json\/wp\/v2\/media?parent=6176"}],"wp:term":[{"taxonomy":"product_brand","embeddable":true,"href":"https:\/\/bookbuddy.snapplify.ai\/za\/wp-json\/wp\/v2\/product_brand?post=6176"},{"taxonomy":"product_cat","embeddable":true,"href":"https:\/\/bookbuddy.snapplify.ai\/za\/wp-json\/wp\/v2\/product_cat?post=6176"},{"taxonomy":"product_tag","embeddable":true,"href":"https:\/\/bookbuddy.snapplify.ai\/za\/wp-json\/wp\/v2\/product_tag?post=6176"}],"curies":[{"name":"wp","href":"https:\/\/api.w.org\/{rel}","templated":true}]}}