{"id":6180,"date":"2025-12-04T12:17:15","date_gmt":"2025-12-04T12:17:15","guid":{"rendered":"https:\/\/bookbuddy.snapplify.ai\/za\/product\/lengau-le-se-nang-letheba\/"},"modified":"2025-12-04T15:42:57","modified_gmt":"2025-12-04T15:42:57","slug":"lengau-le-se-nang-letheba","status":"publish","type":"product","link":"https:\/\/bookbuddy.snapplify.ai\/za\/product\/lengau-le-se-nang-letheba\/","title":{"rendered":"Lengau le se Nang Letheba"},"content":{"rendered":"<p>\u2018Lengau le se nang Letheba\u2019 ke pale e thabisang ea lengau le ikhethang ha le ntse le batla libaka tsa lona tse sieo. Leeto le Kgabu go putla ma\u0161emo a matelele, dithokgwa t\u0161e di kitlanego le dithaba t\u0161e ditelele ka ge a utolla gore botse bja nnete ga se bja ponagalo, eup\u0161a ke ditiro t\u0161a botho le pelo e botse. Pale ena e sebetsa e le khopotso e bonolo ho bana ba banyenyane hore liketso tsa rona lia re hlalosa, &#8216;me mosa oo o siea maikutlo a sa feleng, a etsa hore re be batle e le kannete.<\/p>\n","protected":false},"excerpt":{"rendered":"<p>\u2018Lengau le se nang Letheba\u2019 ke pale e thabisang ea lengau le ikhethang ha le ntse le batla libaka tsa lona tse sieo. Leeto le Kgabu go putla ma\u0161emo a matelele, dithokgwa t\u0161e di kitlanego le dithaba t\u0161e ditelele ka ge a utolla gore botse bja nnete ga se bja ponagalo, eup\u0161a ke ditiro t\u0161a [&hellip;]<\/p>\n","protected":false},"featured_media":0,"template":"","meta":[],"product_brand":[],"product_cat":[22,3088,19,33],"product_tag":[],"class_list":{"0":"post-6180","1":"product","2":"type-product","3":"status-publish","5":"product_cat-education-reference","6":"product_cat-fiction-literature","7":"product_cat-school","8":"product_cat-sesotho","9":"pa_contributors-dimakatso-sihlangu","10":"pa_copyright-verity-publishers","11":"pa_language-sotho-southern","12":"pa_publisher-verity-publishers","14":"first","15":"instock","16":"virtual","17":"sold-individually","18":"taxable","19":"purchasable","20":"product-type-simple"},"aioseo_notices":[],"_links":{"self":[{"href":"https:\/\/bookbuddy.snapplify.ai\/za\/wp-json\/wp\/v2\/product\/6180","targetHints":{"allow":["GET"]}}],"collection":[{"href":"https:\/\/bookbuddy.snapplify.ai\/za\/wp-json\/wp\/v2\/product"}],"about":[{"href":"https:\/\/bookbuddy.snapplify.ai\/za\/wp-json\/wp\/v2\/types\/product"}],"wp:attachment":[{"href":"https:\/\/bookbuddy.snapplify.ai\/za\/wp-json\/wp\/v2\/media?parent=6180"}],"wp:term":[{"taxonomy":"product_brand","embeddable":true,"href":"https:\/\/bookbuddy.snapplify.ai\/za\/wp-json\/wp\/v2\/product_brand?post=6180"},{"taxonomy":"product_cat","embeddable":true,"href":"https:\/\/bookbuddy.snapplify.ai\/za\/wp-json\/wp\/v2\/product_cat?post=6180"},{"taxonomy":"product_tag","embeddable":true,"href":"https:\/\/bookbuddy.snapplify.ai\/za\/wp-json\/wp\/v2\/product_tag?post=6180"}],"curies":[{"name":"wp","href":"https:\/\/api.w.org\/{rel}","templated":true}]}}