{"id":6183,"date":"2025-12-04T12:17:19","date_gmt":"2025-12-04T12:17:19","guid":{"rendered":"https:\/\/bookbuddy.snapplify.ai\/za\/product\/phokojwe-e-nnyane-le-lee-la-gauta\/"},"modified":"2025-12-04T15:43:00","modified_gmt":"2025-12-04T15:43:00","slug":"phokojwe-e-nnyane-le-lee-la-gauta","status":"publish","type":"product","link":"https:\/\/bookbuddy.snapplify.ai\/za\/product\/phokojwe-e-nnyane-le-lee-la-gauta\/","title":{"rendered":"Phokojwe e Nnyane le Lee la Gauta"},"content":{"rendered":"<p>Kanegelo ye ya boitshwaro e reta bokwala bja potego bjalo ka le lengwe la matlotlo a magolo bophelong. Ka diswant\u0161ho t\u0161a mebalabala, kanegelo ye ya kgale, yeo e ngwadilwego ka pono ye mpsha, e hlohlelet\u0161a bana go bolela nnete ka mehla ka gobane moaket\u0161i a ka se tshep\u0161e.<\/p>\n","protected":false},"excerpt":{"rendered":"<p>Kanegelo ye ya boitshwaro e reta bokwala bja potego bjalo ka le lengwe la matlotlo a magolo bophelong. Ka diswant\u0161ho t\u0161a mebalabala, kanegelo ye ya kgale, yeo e ngwadilwego ka pono ye mpsha, e hlohlelet\u0161a bana go bolela nnete ka mehla ka gobane moaket\u0161i a ka se tshep\u0161e.<\/p>\n","protected":false},"featured_media":0,"template":"","meta":[],"product_brand":[],"product_cat":[22,3088,19,32],"product_tag":[],"class_list":{"0":"post-6183","1":"product","2":"type-product","3":"status-publish","5":"product_cat-education-reference","6":"product_cat-fiction-literature","7":"product_cat-school","8":"product_cat-sepedi","9":"pa_contributors-ayabonga-ndlovu","10":"pa_copyright-verity-publishers","11":"pa_language-pedi-sepedi-northern-sotho","12":"pa_publisher-verity-publishers","14":"first","15":"instock","16":"virtual","17":"sold-individually","18":"taxable","19":"purchasable","20":"product-type-simple"},"aioseo_notices":[],"_links":{"self":[{"href":"https:\/\/bookbuddy.snapplify.ai\/za\/wp-json\/wp\/v2\/product\/6183","targetHints":{"allow":["GET"]}}],"collection":[{"href":"https:\/\/bookbuddy.snapplify.ai\/za\/wp-json\/wp\/v2\/product"}],"about":[{"href":"https:\/\/bookbuddy.snapplify.ai\/za\/wp-json\/wp\/v2\/types\/product"}],"wp:attachment":[{"href":"https:\/\/bookbuddy.snapplify.ai\/za\/wp-json\/wp\/v2\/media?parent=6183"}],"wp:term":[{"taxonomy":"product_brand","embeddable":true,"href":"https:\/\/bookbuddy.snapplify.ai\/za\/wp-json\/wp\/v2\/product_brand?post=6183"},{"taxonomy":"product_cat","embeddable":true,"href":"https:\/\/bookbuddy.snapplify.ai\/za\/wp-json\/wp\/v2\/product_cat?post=6183"},{"taxonomy":"product_tag","embeddable":true,"href":"https:\/\/bookbuddy.snapplify.ai\/za\/wp-json\/wp\/v2\/product_tag?post=6183"}],"curies":[{"name":"wp","href":"https:\/\/api.w.org\/{rel}","templated":true}]}}