{"id":6198,"date":"2025-12-04T12:17:34","date_gmt":"2025-12-04T12:17:34","guid":{"rendered":"https:\/\/bookbuddy.snapplify.ai\/za\/product\/lebelo-la-boselamose-mmutla-le-khudu\/"},"modified":"2025-12-04T15:43:07","modified_gmt":"2025-12-04T15:43:07","slug":"lebelo-la-boselamose-mmutla-le-khudu","status":"publish","type":"product","link":"https:\/\/bookbuddy.snapplify.ai\/za\/product\/lebelo-la-boselamose-mmutla-le-khudu\/","title":{"rendered":"Lebelo la Boselamose: Mmutla le Khudu"},"content":{"rendered":"<p>Sethokgweng se se nago le let\u0161at\u0161i, Mmutla ya lebelo le Khudu e bohlale di thoma lebelo la maleatlana. Ka thu\u0161o ya leano la gagwe le bohlale le mafofa a mangwe a maleatlana, Khudu o hlohla Mmutla ya lebelo go lebelo leo le tlago ba ruta ka bobedi thuto ya bohlokwa. Eba le bona kanegelong ye e thabi\u0161ago ya segwera, leano le matla a makat\u0161ago a go se fele pelo.<\/p>\n","protected":false},"excerpt":{"rendered":"<p>Sethokgweng se se nago le let\u0161at\u0161i, Mmutla ya lebelo le Khudu e bohlale di thoma lebelo la maleatlana. Ka thu\u0161o ya leano la gagwe le bohlale le mafofa a mangwe a maleatlana, Khudu o hlohla Mmutla ya lebelo go lebelo leo le tlago ba ruta ka bobedi thuto ya bohlokwa. Eba le bona kanegelong ye [&hellip;]<\/p>\n","protected":false},"featured_media":0,"template":"","meta":[],"product_brand":[],"product_cat":[22,3088,19,32],"product_tag":[],"class_list":{"0":"post-6198","1":"product","2":"type-product","3":"status-publish","5":"product_cat-education-reference","6":"product_cat-fiction-literature","7":"product_cat-school","8":"product_cat-sepedi","9":"pa_contributors-dimakatso-sihlangu","10":"pa_copyright-verity-publishers","11":"pa_language-pedi-sepedi-northern-sotho","12":"pa_publisher-verity-publishers","14":"first","15":"instock","16":"virtual","17":"sold-individually","18":"taxable","19":"purchasable","20":"product-type-simple"},"aioseo_notices":[],"_links":{"self":[{"href":"https:\/\/bookbuddy.snapplify.ai\/za\/wp-json\/wp\/v2\/product\/6198","targetHints":{"allow":["GET"]}}],"collection":[{"href":"https:\/\/bookbuddy.snapplify.ai\/za\/wp-json\/wp\/v2\/product"}],"about":[{"href":"https:\/\/bookbuddy.snapplify.ai\/za\/wp-json\/wp\/v2\/types\/product"}],"wp:attachment":[{"href":"https:\/\/bookbuddy.snapplify.ai\/za\/wp-json\/wp\/v2\/media?parent=6198"}],"wp:term":[{"taxonomy":"product_brand","embeddable":true,"href":"https:\/\/bookbuddy.snapplify.ai\/za\/wp-json\/wp\/v2\/product_brand?post=6198"},{"taxonomy":"product_cat","embeddable":true,"href":"https:\/\/bookbuddy.snapplify.ai\/za\/wp-json\/wp\/v2\/product_cat?post=6198"},{"taxonomy":"product_tag","embeddable":true,"href":"https:\/\/bookbuddy.snapplify.ai\/za\/wp-json\/wp\/v2\/product_tag?post=6198"}],"curies":[{"name":"wp","href":"https:\/\/api.w.org\/{rel}","templated":true}]}}