{"id":7982,"date":"2025-12-04T12:56:51","date_gmt":"2025-12-04T12:56:51","guid":{"rendered":"https:\/\/bookbuddy.snapplify.ai\/za\/product\/viva-geskiedenis-10-leerdersboek-kabv-2\/"},"modified":"2025-12-10T04:06:24","modified_gmt":"2025-12-10T04:06:24","slug":"viva-geskiedenis-10-leerdersboek-kabv-2","status":"publish","type":"product","link":"https:\/\/bookbuddy.snapplify.ai\/za\/product\/viva-geskiedenis-10-leerdersboek-kabv-2\/","title":{"rendered":"Viva Geskiedenis 10 Leerdersboek (KABV)"},"content":{"rendered":"<p>&#8220;Nou sal jy<br \/>\ngeskiedenis as \u0092n vak in eie reg bestudeer. Nuwe w\u00earelde sal vir jou oopgaan en jy sal<br \/>\naltyd stories h\u00ea om te vertel en iets om oor te praat om jou vriende te be\u00efndruk. Jy sal ook<br \/>\nvaardighede verwerf wat jou sal help om te verstaan waarom mense soms optree soos jy<br \/>\nhulle sien doen, vaardighede om te ontleed wat in die w\u00eareld om jou gebeur en<br \/>\nlewensvaardighede wat jy met jou kan saamneem in enige beroep wat jy besluit om te&#8221;<\/p>\n","protected":false},"excerpt":{"rendered":"<p>&#8220;Nou sal jy geskiedenis as \u0092n vak in eie reg bestudeer. Nuwe w\u00earelde sal vir jou oopgaan en jy sal altyd stories h\u00ea om te vertel en iets om oor te praat om jou vriende te be\u00efndruk. Jy sal ook vaardighede verwerf wat jou sal help om te verstaan waarom mense soms optree soos jy [&hellip;]<\/p>\n","protected":false},"featured_media":0,"template":"","meta":[],"product_brand":[],"product_cat":[22],"product_tag":[],"class_list":{"0":"post-7982","1":"product","2":"type-product","3":"status-publish","5":"product_cat-education-reference","6":"pa_contributors-g-garnett-bennett","7":"pa_contributors-im-robbertse","8":"pa_copyright-vivlia-publishers","9":"pa_language-afrikaans","10":"pa_publisher-vivlia-publishers","12":"first","13":"instock","14":"virtual","15":"sold-individually","16":"taxable","17":"purchasable","18":"product-type-simple"},"aioseo_notices":[],"_links":{"self":[{"href":"https:\/\/bookbuddy.snapplify.ai\/za\/wp-json\/wp\/v2\/product\/7982","targetHints":{"allow":["GET"]}}],"collection":[{"href":"https:\/\/bookbuddy.snapplify.ai\/za\/wp-json\/wp\/v2\/product"}],"about":[{"href":"https:\/\/bookbuddy.snapplify.ai\/za\/wp-json\/wp\/v2\/types\/product"}],"wp:attachment":[{"href":"https:\/\/bookbuddy.snapplify.ai\/za\/wp-json\/wp\/v2\/media?parent=7982"}],"wp:term":[{"taxonomy":"product_brand","embeddable":true,"href":"https:\/\/bookbuddy.snapplify.ai\/za\/wp-json\/wp\/v2\/product_brand?post=7982"},{"taxonomy":"product_cat","embeddable":true,"href":"https:\/\/bookbuddy.snapplify.ai\/za\/wp-json\/wp\/v2\/product_cat?post=7982"},{"taxonomy":"product_tag","embeddable":true,"href":"https:\/\/bookbuddy.snapplify.ai\/za\/wp-json\/wp\/v2\/product_tag?post=7982"}],"curies":[{"name":"wp","href":"https:\/\/api.w.org\/{rel}","templated":true}]}}